{"id":758,"date":"2026-03-23T22:15:11","date_gmt":"2026-03-24T03:15:11","guid":{"rendered":"https:\/\/cursoacaai.com\/?page_id=758"},"modified":"2026-03-30T21:20:33","modified_gmt":"2026-03-31T02:20:33","slug":"dr-laureano-serna","status":"publish","type":"page","link":"https:\/\/cursoacaai.com\/index.php\/dr-laureano-serna\/","title":{"rendered":"Dr. Laureano Serna"},"content":{"rendered":"\t\t<div data-elementor-type=\"wp-page\" data-elementor-id=\"758\" class=\"elementor elementor-758\" data-elementor-settings=\"{&quot;ha_cmc_init_switcher&quot;:&quot;no&quot;}\">\n\t\t\t\t<div class=\"elementor-element elementor-element-9d4d96c elementor-hidden-tablet elementor-hidden-mobile e-flex e-con-boxed e-con e-parent\" data-id=\"9d4d96c\" data-element_type=\"container\" data-e-type=\"container\" data-settings=\"{&quot;background_background&quot;:&quot;classic&quot;,&quot;_ha_eqh_enable&quot;:false}\">\n\t\t\t\t\t<div class=\"e-con-inner\">\n\t\t<div class=\"elementor-element elementor-element-9541ee8 e-con-full e-flex e-con e-child\" data-id=\"9541ee8\" data-element_type=\"container\" data-e-type=\"container\" data-settings=\"{&quot;background_background&quot;:&quot;classic&quot;,&quot;_ha_eqh_enable&quot;:false}\">\n\t\t\t\t<div class=\"elementor-element elementor-element-c838f51 elementor-widget elementor-widget-image\" data-id=\"c838f51\" data-element_type=\"widget\" data-e-type=\"widget\" data-widget_type=\"image.default\">\n\t\t\t\t\t\t\t\t\t\t\t\t\t\t\t<img fetchpriority=\"high\" decoding=\"async\" width=\"763\" height=\"1024\" src=\"https:\/\/cursoacaai.com\/wp-content\/uploads\/2024\/03\/Dr-Laureano-Serna-b_n-763x1024.png\" class=\"elementor-animation-grow attachment-large size-large wp-image-158\" alt=\"\" srcset=\"https:\/\/cursoacaai.com\/wp-content\/uploads\/2024\/03\/Dr-Laureano-Serna-b_n-763x1024.png 763w, https:\/\/cursoacaai.com\/wp-content\/uploads\/2024\/03\/Dr-Laureano-Serna-b_n-224x300.png 224w, https:\/\/cursoacaai.com\/wp-content\/uploads\/2024\/03\/Dr-Laureano-Serna-b_n-768x1030.png 768w, https:\/\/cursoacaai.com\/wp-content\/uploads\/2024\/03\/Dr-Laureano-Serna-b_n.png 1121w\" sizes=\"(max-width: 763px) 100vw, 763px\" \/>\t\t\t\t\t\t\t\t\t\t\t\t\t\t\t<\/div>\n\t\t\t\t<\/div>\n\t\t<div class=\"elementor-element elementor-element-4428e65 e-con-full e-flex e-con e-child\" data-id=\"4428e65\" data-element_type=\"container\" data-e-type=\"container\" data-settings=\"{&quot;_ha_eqh_enable&quot;:false}\">\n\t\t\t\t<div class=\"elementor-element elementor-element-aa42f4d elementor-widget__width-initial elementor-widget elementor-widget-heading\" data-id=\"aa42f4d\" data-element_type=\"widget\" data-e-type=\"widget\" data-widget_type=\"heading.default\">\n\t\t\t\t\t<h1 class=\"elementor-heading-title elementor-size-default\">CONOCE M\u00c1S SOBRE EL DR. LAUREANO SERNA<\/h1>\t\t\t\t<\/div>\n\t\t\t\t<div class=\"elementor-element elementor-element-cccdd53 elementor-widget elementor-widget-html\" data-id=\"cccdd53\" data-element_type=\"widget\" data-e-type=\"widget\" data-widget_type=\"html.default\">\n\t\t\t\t\t<link href=\"https:\/\/fonts.googleapis.com\/css2?family=Poppins:wght@300;400;500;600&display=swap\" rel=\"stylesheet\">\r\n\r\n<div style=\"\r\n  max-height: 300px;\r\n  overflow-y: auto;\r\n  padding-right: 10px;\r\n  font-family: 'Poppins', sans-serif;\r\n  font-size: 16px;\r\n  line-height: 1.7;\r\n  color: #7A7A7A;\r\n  text-align: left;\r\n\">\r\n<p>\r\nEl \u201cCurso ACAAI: Laureano Serna\u201d lleva este nombre como homenaje que la Asociaci\u00f3n Colombiana de Alergia, Asma e Inmunolog\u00eda (ACAAI) rinde, desde el a\u00f1o 2012, a uno de sus miembros m\u00e1s distinguidos, designando con su nombre el curso bianual exclusivo para sus asociados.\r\n<\/p>\r\n<p>\r\nEl Dr. Laureano Alberto Serna Mar\u00edn naci\u00f3 en Cartago (Valle del Cauca) el 19 de julio de 1958 y falleci\u00f3 en Pereira (Risaralda) el 26 de enero de 2007, a la edad de 48 a\u00f1os.     \r\n<\/p>\r\n<p>\r\nEstudi\u00f3 Medicina en la Universidad Tecnol\u00f3gica de Pereira y realiz\u00f3 su especializaci\u00f3n en Alergia e Inmunolog\u00eda en Francia. En Par\u00eds obtuvo el diploma \u201cAttestation d\u2019\u00c9tudes d\u2019Immunoallergies Chimique et Professionnelle\u201d en la Facultad de Medicina Lariboisi\u00e8re\u2013Saint Louis.\r\n<\/p>\r\n<p>\r\nRegres\u00f3 a Colombia a finales de 1994, donde ejerci\u00f3 como especialista en Alergia e Inmunolog\u00eda en la regi\u00f3n del Eje Cafetero y el norte del Valle del Cauca.\r\n<\/p>\r\n<p>\r\nSe destac\u00f3 por su inmensa calidad humana y su trato generoso con los pacientes. Aunque en su juventud fue seminarista y no lleg\u00f3 al sacerdocio, encontr\u00f3 en la medicina una verdadera vocaci\u00f3n de servicio.\r\n<\/p>\r\n<p>\r\nApasionado por la filosof\u00eda y el arte, realiz\u00f3 estudios de Maestr\u00eda en Filosof\u00eda en la Universidad de Caldas y se vincul\u00f3 tambi\u00e9n a la Maestr\u00eda en Arte y Filosof\u00eda.\r\n<\/p>\r\n<p>\r\nFue miembro de la European Academy of Allergy and Clinical Immunology (EAACI), en una \u00e9poca en la que era poco com\u00fan la participaci\u00f3n de m\u00e9dicos colombianos en esta prestigiosa asociaci\u00f3n internacional. Asimismo, fue miembro de n\u00famero distinguido de la ACAAI, reconocido como un colaborador incansable y un ser humano excepcional, cuyo legado y amistad perduran en la memoria de quienes lo conocieron.  \r\n<\/p>\r\n\r\n<\/div>\t\t\t\t<\/div>\n\t\t\t\t<\/div>\n\t\t\t\t\t<\/div>\n\t\t\t\t<\/div>\n\t\t<div class=\"elementor-element elementor-element-be2036e elementor-hidden-desktop e-flex e-con-boxed e-con e-parent\" data-id=\"be2036e\" data-element_type=\"container\" data-e-type=\"container\" data-settings=\"{&quot;background_background&quot;:&quot;classic&quot;,&quot;_ha_eqh_enable&quot;:false}\">\n\t\t\t\t\t<div class=\"e-con-inner\">\n\t\t<div class=\"elementor-element elementor-element-f43bd6f e-con-full e-flex e-con e-child\" data-id=\"f43bd6f\" data-element_type=\"container\" data-e-type=\"container\" data-settings=\"{&quot;background_background&quot;:&quot;classic&quot;,&quot;_ha_eqh_enable&quot;:false}\">\n\t\t\t\t<div class=\"elementor-element elementor-element-ed36eea elementor-widget elementor-widget-image\" data-id=\"ed36eea\" data-element_type=\"widget\" data-e-type=\"widget\" data-widget_type=\"image.default\">\n\t\t\t\t\t\t\t\t\t\t\t\t\t\t\t<img decoding=\"async\" width=\"763\" height=\"1024\" src=\"https:\/\/cursoacaai.com\/wp-content\/uploads\/2024\/03\/Dr-Laureano-Serna-b_n-763x1024.png\" class=\"attachment-large size-large wp-image-158\" alt=\"\" srcset=\"https:\/\/cursoacaai.com\/wp-content\/uploads\/2024\/03\/Dr-Laureano-Serna-b_n-763x1024.png 763w, https:\/\/cursoacaai.com\/wp-content\/uploads\/2024\/03\/Dr-Laureano-Serna-b_n-224x300.png 224w, https:\/\/cursoacaai.com\/wp-content\/uploads\/2024\/03\/Dr-Laureano-Serna-b_n-768x1030.png 768w, https:\/\/cursoacaai.com\/wp-content\/uploads\/2024\/03\/Dr-Laureano-Serna-b_n.png 1121w\" sizes=\"(max-width: 763px) 100vw, 763px\" \/>\t\t\t\t\t\t\t\t\t\t\t\t\t\t\t<\/div>\n\t\t\t\t<\/div>\n\t\t<div class=\"elementor-element elementor-element-e11393f e-con-full e-flex e-con e-child\" data-id=\"e11393f\" data-element_type=\"container\" data-e-type=\"container\" data-settings=\"{&quot;_ha_eqh_enable&quot;:false}\">\n\t\t\t\t<div class=\"elementor-element elementor-element-9ba2523 elementor-widget__width-initial elementor-widget elementor-widget-heading\" data-id=\"9ba2523\" data-element_type=\"widget\" data-e-type=\"widget\" data-widget_type=\"heading.default\">\n\t\t\t\t\t<h1 class=\"elementor-heading-title elementor-size-default\">CONOCE M\u00c1S SOBRE EL DR. LAUREANO SERNA<\/h1>\t\t\t\t<\/div>\n\t\t\t\t<div class=\"elementor-element elementor-element-2feae96 elementor-widget elementor-widget-text-editor\" data-id=\"2feae96\" data-element_type=\"widget\" data-e-type=\"widget\" data-widget_type=\"text-editor.default\">\n\t\t\t\t\t\t\t\t\t<p>El \u201cCurso ACAAI: Laureano Serna\u201d lleva este nombre como homenaje que la Asociaci\u00f3n Colombiana de Alergia, Asma e Inmunolog\u00eda (ACAAI) rinde, desde el a\u00f1o 2012, a uno de sus miembros m\u00e1s distinguidos, designando con su nombre el curso bianual exclusivo para sus asociados.<\/p><p>El Dr. Laureano Alberto Serna Mar\u00edn naci\u00f3 en Cartago (Valle del Cauca) el 19 de julio de 1958 y falleci\u00f3 en Pereira (Risaralda) el 26 de enero de 2007, a la edad de 48 a\u00f1os.<\/p><p>Estudi\u00f3 Medicina en la Universidad Tecnol\u00f3gica de Pereira y realiz\u00f3 su especializaci\u00f3n en Alergia e Inmunolog\u00eda en Francia. En Par\u00eds obtuvo el diploma \u201cAttestation d\u2019\u00c9tudes d\u2019Immunoallergies Chimique et Professionnelle\u201d en la Facultad de Medicina Lariboisi\u00e8re\u2013Saint Louis.<\/p><p>Regres\u00f3 a Colombia a finales de 1994, donde ejerci\u00f3 como especialista en Alergia e Inmunolog\u00eda en la regi\u00f3n del Eje Cafetero y el norte del Valle del Cauca.<\/p><p>Se destac\u00f3 por su inmensa calidad humana y su trato generoso con los pacientes. Aunque en su juventud fue seminarista y no lleg\u00f3 al sacerdocio, encontr\u00f3 en la medicina una verdadera vocaci\u00f3n de servicio.<\/p><p>Apasionado por la filosof\u00eda y el arte, realiz\u00f3 estudios de Maestr\u00eda en Filosof\u00eda en la Universidad de Caldas y se vincul\u00f3 tambi\u00e9n a la Maestr\u00eda en Arte y Filosof\u00eda.<\/p><p>Fue miembro de la European Academy of Allergy and Clinical Immunology (EAACI), en una \u00e9poca en la que era poco com\u00fan la participaci\u00f3n de m\u00e9dicos colombianos en esta prestigiosa asociaci\u00f3n internacional. Asimismo, fue miembro de n\u00famero distinguido de la ACAAI, reconocido como un colaborador incansable y un ser humano excepcional, cuyo legado y amistad perduran en la memoria de quienes lo conocieron.<\/p>\t\t\t\t\t\t\t\t<\/div>\n\t\t\t\t<\/div>\n\t\t\t\t\t<\/div>\n\t\t\t\t<\/div>\n\t\t\t\t<\/div>\n\t\t","protected":false},"excerpt":{"rendered":"<p>CONOCE M\u00c1S SOBRE EL DR. LAUREANO SERNA El \u201cCurso ACAAI: Laureano Serna\u201d lleva este nombre como homenaje que la Asociaci\u00f3n Colombiana de Alergia, Asma e Inmunolog\u00eda (ACAAI) rinde, desde el a\u00f1o 2012, a uno de sus miembros m\u00e1s distinguidos, designando con su nombre el curso bianual exclusivo para sus asociados. El Dr. Laureano Alberto Serna [&hellip;]<\/p>\n","protected":false},"author":1,"featured_media":0,"parent":0,"menu_order":0,"comment_status":"closed","ping_status":"closed","template":"","meta":{"footnotes":""},"class_list":["post-758","page","type-page","status-publish","hentry"],"_links":{"self":[{"href":"https:\/\/cursoacaai.com\/index.php\/wp-json\/wp\/v2\/pages\/758","targetHints":{"allow":["GET"]}}],"collection":[{"href":"https:\/\/cursoacaai.com\/index.php\/wp-json\/wp\/v2\/pages"}],"about":[{"href":"https:\/\/cursoacaai.com\/index.php\/wp-json\/wp\/v2\/types\/page"}],"author":[{"embeddable":true,"href":"https:\/\/cursoacaai.com\/index.php\/wp-json\/wp\/v2\/users\/1"}],"replies":[{"embeddable":true,"href":"https:\/\/cursoacaai.com\/index.php\/wp-json\/wp\/v2\/comments?post=758"}],"version-history":[{"count":46,"href":"https:\/\/cursoacaai.com\/index.php\/wp-json\/wp\/v2\/pages\/758\/revisions"}],"predecessor-version":[{"id":1106,"href":"https:\/\/cursoacaai.com\/index.php\/wp-json\/wp\/v2\/pages\/758\/revisions\/1106"}],"wp:attachment":[{"href":"https:\/\/cursoacaai.com\/index.php\/wp-json\/wp\/v2\/media?parent=758"}],"curies":[{"name":"wp","href":"https:\/\/api.w.org\/{rel}","templated":true}]}}