{"id":732,"date":"2026-03-23T21:57:38","date_gmt":"2026-03-24T02:57:38","guid":{"rendered":"https:\/\/cursoacaai.com\/?page_id=732"},"modified":"2026-03-30T23:47:06","modified_gmt":"2026-03-31T04:47:06","slug":"inscripciones","status":"publish","type":"page","link":"https:\/\/cursoacaai.com\/index.php\/inscripciones\/","title":{"rendered":"Inscripciones"},"content":{"rendered":"\t\t<div data-elementor-type=\"wp-page\" data-elementor-id=\"732\" class=\"elementor elementor-732\" data-elementor-settings=\"{&quot;ha_cmc_init_switcher&quot;:&quot;no&quot;}\">\n\t\t\t\t<div class=\"elementor-element elementor-element-12f043b e-flex e-con-boxed e-con e-parent\" data-id=\"12f043b\" data-element_type=\"container\" data-e-type=\"container\" data-settings=\"{&quot;background_background&quot;:&quot;video&quot;,&quot;background_video_link&quot;:&quot;https:\\\/\\\/youtu.be\\\/DEpGLKW5KoY&quot;,&quot;_ha_eqh_enable&quot;:false}\">\n\t\t\t\t\t<div class=\"e-con-inner\">\n\t\t<div class=\"elementor-background-video-container elementor-hidden-mobile\">\n\t\t\t\t\t\t\t<div class=\"elementor-background-video-embed\" role=\"presentation\"><\/div>\n\t\t\t\t\t\t<\/div><div class=\"elementor-element elementor-element-a224a06 e-con-full e-flex e-con e-child\" data-id=\"a224a06\" data-element_type=\"container\" data-e-type=\"container\" data-settings=\"{&quot;background_background&quot;:&quot;classic&quot;,&quot;_ha_eqh_enable&quot;:false}\">\n\t\t\t\t<div class=\"elementor-element elementor-element-f94c2f5 elementor-widget__width-initial elementor-widget elementor-widget-heading\" data-id=\"f94c2f5\" data-element_type=\"widget\" data-e-type=\"widget\" data-widget_type=\"heading.default\">\n\t\t\t\t\t<h1 class=\"elementor-heading-title elementor-size-default\">INSCRIPCIONES<\/h1>\t\t\t\t<\/div>\n\t\t\t\t<div class=\"elementor-element elementor-element-577a844 elementor-widget__width-initial elementor-widget-mobile__width-initial elementor-widget elementor-widget-text-editor\" data-id=\"577a844\" data-element_type=\"widget\" data-e-type=\"widget\" data-widget_type=\"text-editor.default\">\n\t\t\t\t\t\t\t\t\t<p>En nombre de la <strong><em>Asociaci\u00f3n Colombiana de Alergia, Asma e Inmunolog\u00eda (ACAAI)<\/em><\/strong> y del Comit\u00e9 Organizador del <strong><em>Curso Laureano Serna<\/em><\/strong>, informamos a todos nuestros asociados que se encuentren al d\u00eda con su membres\u00eda que podr\u00e1n participar sin costo de inscripci\u00f3n en el Curso Laureano Serna y en el III Congreso Colombiano de Errores Innatos de la Inmunidad.<\/p><p>Los invitamos a realizar su proceso de inscripci\u00f3n a trav\u00e9s del bot\u00f3n a continuaci\u00f3n y ser parte de estos importantes espacios acad\u00e9micos.<\/p>\t\t\t\t\t\t\t\t<\/div>\n\t\t\t\t<div class=\"elementor-element elementor-element-85ba65a elementor-align-center elementor-widget elementor-widget-button\" data-id=\"85ba65a\" data-element_type=\"widget\" data-e-type=\"widget\" data-widget_type=\"button.default\">\n\t\t\t\t\t\t\t\t\t\t<a class=\"elementor-button elementor-button-link elementor-size-sm elementor-animation-grow\" href=\"https:\/\/docs.google.com\/forms\/d\/e\/1FAIpQLSfr2aPTWLODAFyyb9gHt7YtnjmaGkIdhIWk140oTxPjvQcxAg\/viewform?usp=dialog\" target=\"_blank\">\n\t\t\t\t\t\t<span class=\"elementor-button-content-wrapper\">\n\t\t\t\t\t\t\t\t\t<span class=\"elementor-button-text\">INSCR\u00cdBETE AQU\u00cd<\/span>\n\t\t\t\t\t<\/span>\n\t\t\t\t\t<\/a>\n\t\t\t\t\t\t\t\t<\/div>\n\t\t\t\t<\/div>\n\t\t\t\t\t<\/div>\n\t\t\t\t<\/div>\n\t\t\t\t<\/div>\n\t\t","protected":false},"excerpt":{"rendered":"<p>INSCRIPCIONES En nombre de la Asociaci\u00f3n Colombiana de Alergia, Asma e Inmunolog\u00eda (ACAAI) y del Comit\u00e9 Organizador del Curso Laureano Serna, informamos a todos nuestros asociados que se encuentren al d\u00eda con su membres\u00eda que podr\u00e1n participar sin costo de inscripci\u00f3n en el Curso Laureano Serna y en el III Congreso Colombiano de Errores Innatos [&hellip;]<\/p>\n","protected":false},"author":1,"featured_media":0,"parent":0,"menu_order":0,"comment_status":"closed","ping_status":"closed","template":"","meta":{"footnotes":""},"class_list":["post-732","page","type-page","status-publish","hentry"],"_links":{"self":[{"href":"https:\/\/cursoacaai.com\/index.php\/wp-json\/wp\/v2\/pages\/732","targetHints":{"allow":["GET"]}}],"collection":[{"href":"https:\/\/cursoacaai.com\/index.php\/wp-json\/wp\/v2\/pages"}],"about":[{"href":"https:\/\/cursoacaai.com\/index.php\/wp-json\/wp\/v2\/types\/page"}],"author":[{"embeddable":true,"href":"https:\/\/cursoacaai.com\/index.php\/wp-json\/wp\/v2\/users\/1"}],"replies":[{"embeddable":true,"href":"https:\/\/cursoacaai.com\/index.php\/wp-json\/wp\/v2\/comments?post=732"}],"version-history":[{"count":16,"href":"https:\/\/cursoacaai.com\/index.php\/wp-json\/wp\/v2\/pages\/732\/revisions"}],"predecessor-version":[{"id":1132,"href":"https:\/\/cursoacaai.com\/index.php\/wp-json\/wp\/v2\/pages\/732\/revisions\/1132"}],"wp:attachment":[{"href":"https:\/\/cursoacaai.com\/index.php\/wp-json\/wp\/v2\/media?parent=732"}],"curies":[{"name":"wp","href":"https:\/\/api.w.org\/{rel}","templated":true}]}}