{"id":720,"date":"2026-03-23T21:53:01","date_gmt":"2026-03-24T02:53:01","guid":{"rendered":"https:\/\/cursoacaai.com\/?page_id=720"},"modified":"2026-03-31T00:03:08","modified_gmt":"2026-03-31T05:03:08","slug":"cali","status":"publish","type":"page","link":"https:\/\/cursoacaai.com\/index.php\/cali\/","title":{"rendered":"Cali"},"content":{"rendered":"\t\t<div data-elementor-type=\"wp-page\" data-elementor-id=\"720\" class=\"elementor elementor-720\" data-elementor-settings=\"{&quot;ha_cmc_init_switcher&quot;:&quot;no&quot;}\">\n\t\t\t\t<div class=\"elementor-element elementor-element-45259a6 e-flex e-con-boxed e-con e-parent\" data-id=\"45259a6\" data-element_type=\"container\" data-e-type=\"container\" data-settings=\"{&quot;background_background&quot;:&quot;video&quot;,&quot;background_video_link&quot;:&quot;https:\\\/\\\/www.youtube.com\\\/watch?v=DrpUxr7_514&quot;,&quot;_ha_eqh_enable&quot;:false}\">\n\t\t\t\t\t<div class=\"e-con-inner\">\n\t\t<div class=\"elementor-background-video-container elementor-hidden-mobile\">\n\t\t\t\t\t\t\t<div class=\"elementor-background-video-embed\" role=\"presentation\"><\/div>\n\t\t\t\t\t\t<\/div><div class=\"elementor-element elementor-element-56232c6 e-con-full e-flex e-con e-child\" data-id=\"56232c6\" data-element_type=\"container\" data-e-type=\"container\" data-settings=\"{&quot;background_background&quot;:&quot;classic&quot;,&quot;_ha_eqh_enable&quot;:false}\">\n\t\t\t\t<div class=\"elementor-element elementor-element-27ea442 elementor-widget__width-initial elementor-widget elementor-widget-heading\" data-id=\"27ea442\" data-element_type=\"widget\" data-e-type=\"widget\" data-widget_type=\"heading.default\">\n\t\t\t\t\t<h1 class=\"elementor-heading-title elementor-size-default\">CALI TE DA LA BIENVENIDA<\/h1>\t\t\t\t<\/div>\n\t\t\t\t<div class=\"elementor-element elementor-element-cc98bf9 elementor-widget elementor-widget-video\" data-id=\"cc98bf9\" data-element_type=\"widget\" data-e-type=\"widget\" data-settings=\"{&quot;youtube_url&quot;:&quot;https:\\\/\\\/www.youtube.com\\\/watch?v=DrpUxr7_514&quot;,&quot;video_type&quot;:&quot;youtube&quot;,&quot;controls&quot;:&quot;yes&quot;}\" data-widget_type=\"video.default\">\n\t\t\t\t\t\t\t<div class=\"elementor-wrapper elementor-open-inline\">\n\t\t\t<div class=\"elementor-video\"><\/div>\t\t<\/div>\n\t\t\t\t\t\t<\/div>\n\t\t\t\t<\/div>\n\t\t\t\t\t<\/div>\n\t\t\t\t<\/div>\n\t\t<div class=\"elementor-element elementor-element-2d1ec1e e-flex e-con-boxed e-con e-parent\" data-id=\"2d1ec1e\" data-element_type=\"container\" data-e-type=\"container\" data-settings=\"{&quot;background_background&quot;:&quot;classic&quot;,&quot;_ha_eqh_enable&quot;:false}\">\n\t\t\t\t\t<div class=\"e-con-inner\">\n\t\t\t\t<div class=\"elementor-element elementor-element-12e497c elementor-widget__width-initial elementor-widget-mobile__width-initial elementor-widget elementor-widget-text-editor\" data-id=\"12e497c\" data-element_type=\"widget\" data-e-type=\"widget\" data-widget_type=\"text-editor.default\">\n\t\t\t\t\t\t\t\t\t<p>En septiembre, nuestro Congreso M\u00e9dico se celebrar\u00e1 en Cali, una ciudad vibrante que combina excelencia acad\u00e9mica, riqueza cultural y una ubicaci\u00f3n privilegiada en el suroccidente colombiano.<\/p><p>Reconocida como la capital mundial de la salsa, Cali ofrece mucho m\u00e1s que m\u00fasica y tradici\u00f3n. Es un destino rodeado de naturaleza, con imponentes monta\u00f1as, r\u00edos y atardeceres inolvidables que se aprecian desde lugares emblem\u00e1ticos como el Cristo Rey y el Mirador de Sebasti\u00e1n de Belalc\u00e1zar.<\/p><p>Su reconocida oferta gastron\u00f3mica, la calidez de su gente y su infraestructura hotelera y de eventos convierten a la ciudad en el escenario ideal para el intercambio cient\u00edfico, el networking profesional y la actualizaci\u00f3n acad\u00e9mica de alto nivel.<\/p><p>Adem\u00e1s, su cercan\u00eda al Pac\u00edfico colombiano y a destinos naturales \u00fanicos permite que su visita se convierta tambi\u00e9n en una experiencia cultural y tur\u00edstica enriquecedora.<\/p><p>Lo invitamos a vivir no solo un congreso, sino una experiencia integral en una ciudad que inspira conocimiento, conexi\u00f3n y crecimiento profesional.<\/p>\t\t\t\t\t\t\t\t<\/div>\n\t\t\t\t\t<\/div>\n\t\t\t\t<\/div>\n\t\t\t\t<\/div>\n\t\t","protected":false},"excerpt":{"rendered":"<p>CALI TE DA LA BIENVENIDA https:\/\/www.youtube.com\/watch?v=DrpUxr7_514 En septiembre, nuestro Congreso M\u00e9dico se celebrar\u00e1 en Cali, una ciudad vibrante que combina excelencia acad\u00e9mica, riqueza cultural y una ubicaci\u00f3n privilegiada en el suroccidente colombiano. Reconocida como la capital mundial de la salsa, Cali ofrece mucho m\u00e1s que m\u00fasica y tradici\u00f3n. Es un destino rodeado de naturaleza, con [&hellip;]<\/p>\n","protected":false},"author":1,"featured_media":0,"parent":0,"menu_order":0,"comment_status":"closed","ping_status":"closed","template":"","meta":{"footnotes":""},"class_list":["post-720","page","type-page","status-publish","hentry"],"_links":{"self":[{"href":"https:\/\/cursoacaai.com\/index.php\/wp-json\/wp\/v2\/pages\/720","targetHints":{"allow":["GET"]}}],"collection":[{"href":"https:\/\/cursoacaai.com\/index.php\/wp-json\/wp\/v2\/pages"}],"about":[{"href":"https:\/\/cursoacaai.com\/index.php\/wp-json\/wp\/v2\/types\/page"}],"author":[{"embeddable":true,"href":"https:\/\/cursoacaai.com\/index.php\/wp-json\/wp\/v2\/users\/1"}],"replies":[{"embeddable":true,"href":"https:\/\/cursoacaai.com\/index.php\/wp-json\/wp\/v2\/comments?post=720"}],"version-history":[{"count":11,"href":"https:\/\/cursoacaai.com\/index.php\/wp-json\/wp\/v2\/pages\/720\/revisions"}],"predecessor-version":[{"id":1149,"href":"https:\/\/cursoacaai.com\/index.php\/wp-json\/wp\/v2\/pages\/720\/revisions\/1149"}],"wp:attachment":[{"href":"https:\/\/cursoacaai.com\/index.php\/wp-json\/wp\/v2\/media?parent=720"}],"curies":[{"name":"wp","href":"https:\/\/api.w.org\/{rel}","templated":true}]}}