{"id":717,"date":"2026-03-23T21:52:07","date_gmt":"2026-03-24T02:52:07","guid":{"rendered":"https:\/\/cursoacaai.com\/?page_id=717"},"modified":"2026-03-30T23:55:57","modified_gmt":"2026-03-31T04:55:57","slug":"programa-2","status":"publish","type":"page","link":"https:\/\/cursoacaai.com\/index.php\/programa-2\/","title":{"rendered":"Programa"},"content":{"rendered":"\t\t<div data-elementor-type=\"wp-page\" data-elementor-id=\"717\" class=\"elementor elementor-717\" data-elementor-settings=\"{&quot;ha_cmc_init_switcher&quot;:&quot;no&quot;}\">\n\t\t\t\t<div class=\"elementor-element elementor-element-452d17b e-flex e-con-boxed e-con e-parent\" data-id=\"452d17b\" data-element_type=\"container\" data-e-type=\"container\" data-settings=\"{&quot;background_background&quot;:&quot;video&quot;,&quot;background_video_link&quot;:&quot;https:\\\/\\\/youtu.be\\\/h0-RYFnGMU0&quot;,&quot;_ha_eqh_enable&quot;:false}\">\n\t\t\t\t\t<div class=\"e-con-inner\">\n\t\t<div class=\"elementor-background-video-container elementor-hidden-mobile\">\n\t\t\t\t\t\t\t<div class=\"elementor-background-video-embed\" role=\"presentation\"><\/div>\n\t\t\t\t\t\t<\/div><div class=\"elementor-element elementor-element-c93a5b6 e-con-full e-flex e-con e-child\" data-id=\"c93a5b6\" data-element_type=\"container\" data-e-type=\"container\" data-settings=\"{&quot;background_background&quot;:&quot;classic&quot;,&quot;_ha_eqh_enable&quot;:false}\">\n\t\t\t\t<div class=\"elementor-element elementor-element-ed72775 elementor-widget__width-initial elementor-widget elementor-widget-heading\" data-id=\"ed72775\" data-element_type=\"widget\" data-e-type=\"widget\" data-widget_type=\"heading.default\">\n\t\t\t\t\t<h1 class=\"elementor-heading-title elementor-size-default\">CONOCE M\u00c1S DEL CURSO ACAAI LAUREANO SERNA 2026<\/h1>\t\t\t\t<\/div>\n\t\t\t\t<div class=\"elementor-element elementor-element-1c5889d elementor-widget__width-initial elementor-widget-mobile__width-initial elementor-widget elementor-widget-text-editor\" data-id=\"1c5889d\" data-element_type=\"widget\" data-e-type=\"widget\" data-widget_type=\"text-editor.default\">\n\t\t\t\t\t\t\t\t\t<p>El <strong>\u201cCurso ACAAI: Laureano Serna\u201d<\/strong> es un encuentro acad\u00e9mico exclusivo para los miembros de la <strong>Asociaci\u00f3n Colombiana de Alergia, Asma e Inmunolog\u00eda (ACAAI)<\/strong>. Se realiza cada dos a\u00f1os, alternando con el Congreso Colombiano de Alergia, Asma e Inmunolog\u00eda \u2014tambi\u00e9n de car\u00e1cter bianual\u2014, en el a\u00f1o en que este no se lleva a cabo.<\/p><p>Para el a\u00f1o 2026 el \u201cCurso ACAAI: Laureano Serna\u201d se realizar\u00e1 de manera presencial en el hotel Intercontinental en la ciudad de Cali, los d\u00edas 25 y 26 de septiembre.<\/p>\t\t\t\t\t\t\t\t<\/div>\n\t\t\t\t<\/div>\n\t\t\t\t\t<\/div>\n\t\t\t\t<\/div>\n\t\t<div class=\"elementor-element elementor-element-9b3cb75 e-flex e-con-boxed e-con e-parent\" data-id=\"9b3cb75\" data-element_type=\"container\" data-e-type=\"container\" data-settings=\"{&quot;background_background&quot;:&quot;classic&quot;,&quot;_ha_eqh_enable&quot;:false}\">\n\t\t\t\t\t<div class=\"e-con-inner\">\n\t\t\t\t<div class=\"elementor-element elementor-element-dee5ba2 elementor-align-center elementor-widget elementor-widget-button\" data-id=\"dee5ba2\" data-element_type=\"widget\" data-e-type=\"widget\" data-widget_type=\"button.default\">\n\t\t\t\t\t\t\t\t\t\t<a class=\"elementor-button elementor-button-link elementor-size-sm elementor-animation-grow\" href=\"#\">\n\t\t\t\t\t\t<span class=\"elementor-button-content-wrapper\">\n\t\t\t\t\t\t\t\t\t<span class=\"elementor-button-text\">PROGRAMA ACAD\u00c9MICO PRELIMINAR<\/span>\n\t\t\t\t\t<\/span>\n\t\t\t\t\t<\/a>\n\t\t\t\t\t\t\t\t<\/div>\n\t\t\t\t<div class=\"elementor-element elementor-element-0d25479 elementor-align-center elementor-widget elementor-widget-button\" data-id=\"0d25479\" data-element_type=\"widget\" data-e-type=\"widget\" data-widget_type=\"button.default\">\n\t\t\t\t\t\t\t\t\t\t<a class=\"elementor-button elementor-button-link elementor-size-sm elementor-animation-grow\" href=\"#\">\n\t\t\t\t\t\t<span class=\"elementor-button-content-wrapper\">\n\t\t\t\t\t\t\t\t\t<span class=\"elementor-button-text\">PROGRAMA VIERNES 25 SEPTIEMBRE<\/span>\n\t\t\t\t\t<\/span>\n\t\t\t\t\t<\/a>\n\t\t\t\t\t\t\t\t<\/div>\n\t\t\t\t<div class=\"elementor-element elementor-element-3b77c61 elementor-align-center elementor-widget elementor-widget-button\" data-id=\"3b77c61\" data-element_type=\"widget\" data-e-type=\"widget\" data-widget_type=\"button.default\">\n\t\t\t\t\t\t\t\t\t\t<a class=\"elementor-button elementor-button-link elementor-size-sm elementor-animation-grow\" href=\"#\">\n\t\t\t\t\t\t<span class=\"elementor-button-content-wrapper\">\n\t\t\t\t\t\t\t\t\t<span class=\"elementor-button-text\">PROGRAMA S\u00c1BADO 26 SEPTIEMBRE<\/span>\n\t\t\t\t\t<\/span>\n\t\t\t\t\t<\/a>\n\t\t\t\t\t\t\t\t<\/div>\n\t\t\t\t\t<\/div>\n\t\t\t\t<\/div>\n\t\t\t\t<\/div>\n\t\t","protected":false},"excerpt":{"rendered":"<p>CONOCE M\u00c1S DEL CURSO ACAAI LAUREANO SERNA 2026 El \u201cCurso ACAAI: Laureano Serna\u201d es un encuentro acad\u00e9mico exclusivo para los miembros de la Asociaci\u00f3n Colombiana de Alergia, Asma e Inmunolog\u00eda (ACAAI). Se realiza cada dos a\u00f1os, alternando con el Congreso Colombiano de Alergia, Asma e Inmunolog\u00eda \u2014tambi\u00e9n de car\u00e1cter bianual\u2014, en el a\u00f1o en que [&hellip;]<\/p>\n","protected":false},"author":1,"featured_media":0,"parent":0,"menu_order":0,"comment_status":"closed","ping_status":"closed","template":"","meta":{"footnotes":""},"class_list":["post-717","page","type-page","status-publish","hentry"],"_links":{"self":[{"href":"https:\/\/cursoacaai.com\/index.php\/wp-json\/wp\/v2\/pages\/717","targetHints":{"allow":["GET"]}}],"collection":[{"href":"https:\/\/cursoacaai.com\/index.php\/wp-json\/wp\/v2\/pages"}],"about":[{"href":"https:\/\/cursoacaai.com\/index.php\/wp-json\/wp\/v2\/types\/page"}],"author":[{"embeddable":true,"href":"https:\/\/cursoacaai.com\/index.php\/wp-json\/wp\/v2\/users\/1"}],"replies":[{"embeddable":true,"href":"https:\/\/cursoacaai.com\/index.php\/wp-json\/wp\/v2\/comments?post=717"}],"version-history":[{"count":22,"href":"https:\/\/cursoacaai.com\/index.php\/wp-json\/wp\/v2\/pages\/717\/revisions"}],"predecessor-version":[{"id":1146,"href":"https:\/\/cursoacaai.com\/index.php\/wp-json\/wp\/v2\/pages\/717\/revisions\/1146"}],"wp:attachment":[{"href":"https:\/\/cursoacaai.com\/index.php\/wp-json\/wp\/v2\/media?parent=717"}],"curies":[{"name":"wp","href":"https:\/\/api.w.org\/{rel}","templated":true}]}}