{"id":708,"date":"2026-03-23T21:43:53","date_gmt":"2026-03-24T02:43:53","guid":{"rendered":"https:\/\/cursoacaai.com\/?page_id=708"},"modified":"2026-03-26T00:01:45","modified_gmt":"2026-03-26T05:01:45","slug":"inicio","status":"publish","type":"page","link":"https:\/\/cursoacaai.com\/","title":{"rendered":"Inicio"},"content":{"rendered":"\t\t<div data-elementor-type=\"wp-page\" data-elementor-id=\"708\" class=\"elementor elementor-708\" data-elementor-settings=\"{&quot;ha_cmc_init_switcher&quot;:&quot;no&quot;}\">\n\t\t\t\t<div class=\"elementor-element elementor-element-18f5647 e-flex e-con-boxed e-con e-parent\" data-id=\"18f5647\" data-element_type=\"container\" data-e-type=\"container\" data-settings=\"{&quot;_ha_eqh_enable&quot;:false}\">\n\t\t\t\t\t<div class=\"e-con-inner\">\n\t\t\t\t<div class=\"elementor-element elementor-element-b5b6154 elementor-widget elementor-widget-shortcode\" data-id=\"b5b6154\" data-element_type=\"widget\" data-e-type=\"widget\" data-widget_type=\"shortcode.default\">\n\t\t\t\t\t\t\t<div class=\"elementor-shortcode\"><\/div>\n\t\t\t\t\t\t<\/div>\n\t\t\t\t\t<\/div>\n\t\t\t\t<\/div>\n\t\t<div class=\"ha-bg-parallax-wrap-hide elementor-element elementor-element-7fdbb9a e-con-full ha-bg-parallax-yes e-flex e-con e-parent\" data-ha-bg-parallax=\"{&quot;type&quot;:&quot;scroll&quot;,&quot;speed&quot;:0.5,&quot;android&quot;:0,&quot;ios&quot;:0,&quot;size&quot;:&quot;cover&quot;,&quot;repeat&quot;:&quot;no-repeat&quot;}\" data-id=\"7fdbb9a\" data-element_type=\"container\" data-e-type=\"container\" data-settings=\"{&quot;background_background&quot;:&quot;video&quot;,&quot;background_video_link&quot;:&quot;https:\\\/\\\/youtu.be\\\/leFKJIwTmXc&quot;,&quot;ha_bg_parallax_switcher&quot;:&quot;yes&quot;,&quot;ha_bg_parallax_type&quot;:&quot;scroll&quot;,&quot;ha_bg_parallax_speed&quot;:{&quot;unit&quot;:&quot;px&quot;,&quot;size&quot;:0.5,&quot;sizes&quot;:[]},&quot;ha_bg_parallax_enable_on_android&quot;:&quot;yes&quot;,&quot;ha_bg_parallax_enable_on_ios&quot;:&quot;yes&quot;}\">\n\t\t<div class=\"elementor-background-video-container elementor-hidden-mobile\">\n\t\t\t\t\t\t\t<div class=\"elementor-background-video-embed\" role=\"presentation\"><\/div>\n\t\t\t\t\t\t<\/div>\t\t<div class=\"elementor-element elementor-element-04c2bb9 elementor-widget__width-initial elementor-widget-mobile__width-initial elementor-widget elementor-widget-text-editor\" data-id=\"04c2bb9\" data-element_type=\"widget\" data-e-type=\"widget\" data-widget_type=\"text-editor.default\">\n\t\t\t\t\t\t\t\t\t<p>Descubra m\u00e1s sobre el <strong>Curso Laureano Serna 2026<\/strong>, un espacio acad\u00e9mico exclusivo para miembros de la <strong>Asociaci\u00f3n Colombiana de Alergia, Asma e Inmunolog\u00eda (ACAAI)<\/strong>.<\/p><p>En esta edici\u00f3n, el curso se llevar\u00e1 a cabo los d\u00edas 25 y 26 de septiembre en el <strong>Hotel InterContinental Cali<\/strong>, ofreciendo un entorno ideal para la actualizaci\u00f3n cient\u00edfica, el intercambio de experiencias y el fortalecimiento profesional.<\/p><p>Lo invitamos a conocer todos los detalles y ser parte de esta experiencia acad\u00e9mica dise\u00f1ada especialmente para nuestros miembros.<\/p>\t\t\t\t\t\t\t\t<\/div>\n\t\t\t\t<\/div>\n\t\t<div class=\"elementor-element elementor-element-e3fae16 elementor-hidden-mobile e-flex e-con-boxed e-con e-parent\" data-id=\"e3fae16\" data-element_type=\"container\" data-e-type=\"container\" data-settings=\"{&quot;background_background&quot;:&quot;classic&quot;,&quot;_ha_eqh_enable&quot;:false}\">\n\t\t\t\t\t<div class=\"e-con-inner\">\n\t\t<div class=\"elementor-element elementor-element-132fe4f e-con-full e-flex e-con e-child\" data-id=\"132fe4f\" data-element_type=\"container\" data-e-type=\"container\" data-settings=\"{&quot;_ha_eqh_enable&quot;:false}\">\n\t\t\t\t<div class=\"elementor-element elementor-element-b289f1b elementor-widget__width-initial elementor-widget elementor-widget-image\" data-id=\"b289f1b\" data-element_type=\"widget\" data-e-type=\"widget\" data-widget_type=\"image.default\">\n\t\t\t\t\t\t\t\t\t\t\t\t\t\t\t\t<a href=\"https:\/\/www.acaai.co\/\" target=\"_blank\">\n\t\t\t\t\t\t\t<img fetchpriority=\"high\" decoding=\"async\" width=\"800\" height=\"223\" src=\"https:\/\/cursoacaai.com\/wp-content\/uploads\/2026\/03\/Logo-ACAAI.png\" class=\"elementor-animation-grow attachment-large size-large wp-image-801\" alt=\"\" srcset=\"https:\/\/cursoacaai.com\/wp-content\/uploads\/2026\/03\/Logo-ACAAI.png 934w, https:\/\/cursoacaai.com\/wp-content\/uploads\/2026\/03\/Logo-ACAAI-300x84.png 300w, https:\/\/cursoacaai.com\/wp-content\/uploads\/2026\/03\/Logo-ACAAI-768x214.png 768w\" sizes=\"(max-width: 800px) 100vw, 800px\" \/>\t\t\t\t\t\t\t\t<\/a>\n\t\t\t\t\t\t\t\t\t\t\t\t\t\t\t<\/div>\n\t\t\t\t<\/div>\n\t\t<div class=\"elementor-element elementor-element-ccc2dcb e-con-full e-flex e-con e-child\" data-id=\"ccc2dcb\" data-element_type=\"container\" data-e-type=\"container\" data-settings=\"{&quot;background_background&quot;:&quot;classic&quot;,&quot;_ha_eqh_enable&quot;:false}\">\n\t\t\t\t<div class=\"elementor-element elementor-element-e13b526 elementor-widget__width-initial elementor-widget-tablet__width-initial elementor-widget-mobile__width-initial elementor-widget elementor-widget-text-editor\" data-id=\"e13b526\" data-element_type=\"widget\" data-e-type=\"widget\" data-widget_type=\"text-editor.default\">\n\t\t\t\t\t\t\t\t\t<p>La ACAAI es una Asociaci\u00f3n Cient\u00edfica sin \u00e1nimo de lucro, legalmente creada y debidamente reconocida por las autoridades gubernamentales de Colombia, miembro de importantes agremiaciones m\u00e9dicas nacionales a internacionales, que propende por el progreso de la investigaci\u00f3n y el ejercicio profesional de la Alergolog\u00eda e Inmunolog\u00eda en Colombia.<\/p><p>Los miembros de la ACAAI son profesionales en medicina o ciencias afines que voluntariamente se han agremiado en la Asociaci\u00f3n, y que en Colombia dedican sus actividades profesionales o acad\u00e9micas en forma total o parcial a la Alergolog\u00eda e Inmunolog\u00eda.<\/p>\t\t\t\t\t\t\t\t<\/div>\n\t\t\t\t<\/div>\n\t\t\t\t\t<\/div>\n\t\t\t\t<\/div>\n\t\t<div class=\"elementor-element elementor-element-9c59838 elementor-hidden-desktop elementor-hidden-tablet e-flex e-con-boxed e-con e-parent\" data-id=\"9c59838\" data-element_type=\"container\" data-e-type=\"container\" data-settings=\"{&quot;_ha_eqh_enable&quot;:false}\">\n\t\t\t\t\t<div class=\"e-con-inner\">\n\t\t<div class=\"elementor-element elementor-element-a9d6422 e-con-full e-flex e-con e-child\" data-id=\"a9d6422\" data-element_type=\"container\" data-e-type=\"container\" data-settings=\"{&quot;_ha_eqh_enable&quot;:false}\">\n\t\t\t\t<div class=\"elementor-element elementor-element-ddff2fd elementor-widget__width-initial elementor-widget elementor-widget-image\" data-id=\"ddff2fd\" data-element_type=\"widget\" data-e-type=\"widget\" data-widget_type=\"image.default\">\n\t\t\t\t\t\t\t\t\t\t\t\t\t\t\t<img decoding=\"async\" width=\"800\" height=\"223\" src=\"https:\/\/cursoacaai.com\/wp-content\/uploads\/2026\/03\/Logo-ACAAI.png\" class=\"attachment-large size-large wp-image-801\" alt=\"\" srcset=\"https:\/\/cursoacaai.com\/wp-content\/uploads\/2026\/03\/Logo-ACAAI.png 934w, https:\/\/cursoacaai.com\/wp-content\/uploads\/2026\/03\/Logo-ACAAI-300x84.png 300w, https:\/\/cursoacaai.com\/wp-content\/uploads\/2026\/03\/Logo-ACAAI-768x214.png 768w\" sizes=\"(max-width: 800px) 100vw, 800px\" \/>\t\t\t\t\t\t\t\t\t\t\t\t\t\t\t<\/div>\n\t\t\t\t<\/div>\n\t\t<div class=\"elementor-element elementor-element-e9d2988 e-con-full e-flex e-con e-child\" data-id=\"e9d2988\" data-element_type=\"container\" data-e-type=\"container\" data-settings=\"{&quot;background_background&quot;:&quot;classic&quot;,&quot;_ha_eqh_enable&quot;:false}\">\n\t\t\t\t<div class=\"elementor-element elementor-element-32e83fb elementor-widget__width-initial elementor-widget-tablet__width-initial elementor-widget-mobile__width-initial elementor-widget elementor-widget-text-editor\" data-id=\"32e83fb\" data-element_type=\"widget\" data-e-type=\"widget\" data-widget_type=\"text-editor.default\">\n\t\t\t\t\t\t\t\t\t<p>La ACAAI es una Asociaci\u00f3n Cient\u00edfica sin \u00e1nimo de lucro, legalmente creada y debidamente reconocida por las autoridades gubernamentales de Colombia, miembro de importantes agremiaciones m\u00e9dicas nacionales a internacionales, que propende por el progreso de la investigaci\u00f3n y el ejercicio profesional de la Alergolog\u00eda e Inmunolog\u00eda en Colombia.<\/p><p>Los miembros de la ACAAI son profesionales en medicina o ciencias afines que voluntariamente se han agremiado en la Asociaci\u00f3n, y que en Colombia dedican sus actividades profesionales o acad\u00e9micas en forma total o parcial a la Alergolog\u00eda e Inmunolog\u00eda.<\/p>\t\t\t\t\t\t\t\t<\/div>\n\t\t\t\t<\/div>\n\t\t\t\t\t<\/div>\n\t\t\t\t<\/div>\n\t\t\t\t<\/div>\n\t\t","protected":false},"excerpt":{"rendered":"<p>Descubra m\u00e1s sobre el Curso Laureano Serna 2026, un espacio acad\u00e9mico exclusivo para miembros de la Asociaci\u00f3n Colombiana de Alergia, Asma e Inmunolog\u00eda (ACAAI). En esta edici\u00f3n, el curso se llevar\u00e1 a cabo los d\u00edas 25 y 26 de septiembre en el Hotel InterContinental Cali, ofreciendo un entorno ideal para la actualizaci\u00f3n cient\u00edfica, el intercambio [&hellip;]<\/p>\n","protected":false},"author":1,"featured_media":0,"parent":0,"menu_order":0,"comment_status":"closed","ping_status":"closed","template":"","meta":{"footnotes":""},"class_list":["post-708","page","type-page","status-publish","hentry"],"_links":{"self":[{"href":"https:\/\/cursoacaai.com\/index.php\/wp-json\/wp\/v2\/pages\/708","targetHints":{"allow":["GET"]}}],"collection":[{"href":"https:\/\/cursoacaai.com\/index.php\/wp-json\/wp\/v2\/pages"}],"about":[{"href":"https:\/\/cursoacaai.com\/index.php\/wp-json\/wp\/v2\/types\/page"}],"author":[{"embeddable":true,"href":"https:\/\/cursoacaai.com\/index.php\/wp-json\/wp\/v2\/users\/1"}],"replies":[{"embeddable":true,"href":"https:\/\/cursoacaai.com\/index.php\/wp-json\/wp\/v2\/comments?post=708"}],"version-history":[{"count":85,"href":"https:\/\/cursoacaai.com\/index.php\/wp-json\/wp\/v2\/pages\/708\/revisions"}],"predecessor-version":[{"id":1086,"href":"https:\/\/cursoacaai.com\/index.php\/wp-json\/wp\/v2\/pages\/708\/revisions\/1086"}],"wp:attachment":[{"href":"https:\/\/cursoacaai.com\/index.php\/wp-json\/wp\/v2\/media?parent=708"}],"curies":[{"name":"wp","href":"https:\/\/api.w.org\/{rel}","templated":true}]}}