{"id":337,"date":"2024-08-22T21:50:30","date_gmt":"2024-08-22T21:50:30","guid":{"rendered":"https:\/\/cursoacaai.com\/?page_id=337"},"modified":"2024-09-21T12:55:01","modified_gmt":"2024-09-21T17:55:01","slug":"programa-del-curso-acaai-laureano-serna-2024-jueves-19-09-2024","status":"publish","type":"page","link":"https:\/\/cursoacaai.com\/index.php\/programa-del-curso-acaai-laureano-serna-2024-jueves-19-09-2024\/","title":{"rendered":"PROGRAMA DEL CURSO ACAAI LAUREANO SERNA 2024 &#8211; S\u00c1BADO 21\/09\/2024"},"content":{"rendered":"\n<figure class=\"wp-block-image alignfull size-full\"><a href=\"https:\/\/cursoacaai.com\/\"><img fetchpriority=\"high\" decoding=\"async\" width=\"2160\" height=\"1080\" src=\"https:\/\/cursoacaai.com\/wp-content\/uploads\/2024\/08\/IMG_9120.jpeg\" alt=\"\" class=\"wp-image-462\" srcset=\"https:\/\/cursoacaai.com\/wp-content\/uploads\/2024\/08\/IMG_9120.jpeg 2160w, https:\/\/cursoacaai.com\/wp-content\/uploads\/2024\/08\/IMG_9120-300x150.jpeg 300w, https:\/\/cursoacaai.com\/wp-content\/uploads\/2024\/08\/IMG_9120-1024x512.jpeg 1024w, https:\/\/cursoacaai.com\/wp-content\/uploads\/2024\/08\/IMG_9120-768x384.jpeg 768w, https:\/\/cursoacaai.com\/wp-content\/uploads\/2024\/08\/IMG_9120-1536x768.jpeg 1536w, https:\/\/cursoacaai.com\/wp-content\/uploads\/2024\/08\/IMG_9120-2048x1024.jpeg 2048w\" sizes=\"(max-width: 2160px) 100vw, 2160px\" \/><\/a><\/figure>\n\n\n\n<hr class=\"wp-block-separator has-alpha-channel-opacity is-style-dots\"\/>\n\n\n\n<div class=\"wp-block-media-text is-stacked-on-mobile is-vertically-aligned-center\" style=\"grid-template-columns:36% auto\"><figure class=\"wp-block-media-text__media\"><img decoding=\"async\" width=\"1024\" height=\"284\" src=\"https:\/\/cursoacaai.com\/wp-content\/uploads\/2024\/03\/LOGO-ACAAI-JPG-1024x284.jpg\" alt=\"\" class=\"wp-image-178 size-full\" srcset=\"https:\/\/cursoacaai.com\/wp-content\/uploads\/2024\/03\/LOGO-ACAAI-JPG-1024x284.jpg 1024w, https:\/\/cursoacaai.com\/wp-content\/uploads\/2024\/03\/LOGO-ACAAI-JPG-300x83.jpg 300w, https:\/\/cursoacaai.com\/wp-content\/uploads\/2024\/03\/LOGO-ACAAI-JPG-768x213.jpg 768w, https:\/\/cursoacaai.com\/wp-content\/uploads\/2024\/03\/LOGO-ACAAI-JPG-1536x426.jpg 1536w, https:\/\/cursoacaai.com\/wp-content\/uploads\/2024\/03\/LOGO-ACAAI-JPG-2048x567.jpg 2048w\" sizes=\"(max-width: 1024px) 100vw, 1024px\" \/><\/figure><div class=\"wp-block-media-text__content\">\n<p class=\"has-text-align-center has-medium-font-size\"><strong>PROGRAMA DEL CURSO ACAAI LAUREANO SERNA 2024<\/strong><br><strong>S\u00e1bado 21\/09\/2024<br>POSTCURSO PATROCINADO:<br>Avances en temas de inter\u00e9s en alergolog\u00eda en la era de la medicina de precisi\u00f3n y la inflamaci\u00f3n T2<\/strong><\/p>\n<\/div><\/div>\n\n\n\n<hr class=\"wp-block-separator has-alpha-channel-opacity is-style-wide\"\/>\n\n\n\n<div class=\"wp-block-columns alignfull are-vertically-aligned-center is-layout-flex wp-container-core-columns-is-layout-28f84493 wp-block-columns-is-layout-flex\">\n<div class=\"wp-block-column is-vertically-aligned-center is-layout-flow wp-block-column-is-layout-flow\">\n<p class=\"has-text-align-center\"><strong>07:45 \u2013 10:45<\/strong><br>Modera: Dra. Manuela Olaya y Dr. Jos\u00e9 Mopan<\/p>\n<\/div>\n<\/div>\n\n\n\n<hr class=\"wp-block-separator has-alpha-channel-opacity is-style-wide\"\/>\n\n\n\n<div class=\"wp-block-columns alignfull are-vertically-aligned-center is-layout-flex wp-container-core-columns-is-layout-28f84493 wp-block-columns-is-layout-flex\">\n<div class=\"wp-block-column is-vertically-aligned-center is-layout-flow wp-block-column-is-layout-flow\">\n<p class=\"has-text-align-center\"><strong>07:45 \u2013 08:45<\/strong><br>60 minutos<\/p>\n<\/div>\n\n\n\n<div class=\"wp-block-column is-vertically-aligned-center is-layout-flow wp-block-column-is-layout-flow\">\n<p class=\"has-text-align-center\">Simposio a cargo de <strong>PFIZER<\/strong><br><strong><mark style=\"background-color:#ff0000;color:#ffffff\" class=\"has-inline-color\">(incluye desayuno)<\/mark><\/strong>:<br>\u00abStaquis\u00bb: una terapia innovadora<br>para el tratamiento de la dermatitis at\u00f3pica<br><mark style=\"background-color:#fffe7d\" class=\"has-inline-color\">   <strong> SAL\u00d3N YUI  <\/strong> <\/mark><mark style=\"background-color:#fbfa9c\" class=\"has-inline-color\"><br><\/mark>Dra. Nathalie Acevedo<\/p>\n<\/div>\n<\/div>\n\n\n\n<hr class=\"wp-block-separator has-alpha-channel-opacity is-style-wide\"\/>\n\n\n\n<div class=\"wp-block-columns alignfull are-vertically-aligned-center is-layout-flex wp-container-core-columns-is-layout-28f84493 wp-block-columns-is-layout-flex\">\n<div class=\"wp-block-column is-vertically-aligned-center is-layout-flow wp-block-column-is-layout-flow\">\n<p class=\"has-text-align-center\"><strong>08:45 \u2013 09:30<\/strong><br>45 minutos<\/p>\n<\/div>\n\n\n\n<div class=\"wp-block-column is-vertically-aligned-center is-layout-flow wp-block-column-is-layout-flow\">\n<p class=\"has-text-align-center\">Conferencia acad\u00e9mica a cargo <strong>PFIZER<\/strong>:<br>\u00abCibinqo\u00bb: De la data cl\u00ednica<br>a la experiencia en la vida real<br><mark style=\"background-color:#fffe7d\" class=\"has-inline-color\">   <strong> SAL\u00d3N YUI  <\/strong> <\/mark><mark style=\"background-color:#fbfa9c\" class=\"has-inline-color\"><br><\/mark>Dra. Susana Chiquito<\/p>\n<\/div>\n<\/div>\n\n\n\n<hr class=\"wp-block-separator has-alpha-channel-opacity is-style-wide\"\/>\n\n\n\n<div class=\"wp-block-columns alignfull are-vertically-aligned-center is-layout-flex wp-container-core-columns-is-layout-28f84493 wp-block-columns-is-layout-flex\">\n<div class=\"wp-block-column is-vertically-aligned-center is-layout-flow wp-block-column-is-layout-flow\">\n<p class=\"has-text-align-center\"><strong>10:15 \u2013 11:<\/strong>00<br>45 minutos<\/p>\n<\/div>\n\n\n\n<div class=\"wp-block-column is-vertically-aligned-center is-layout-flow wp-block-column-is-layout-flow\">\n<p class=\"has-text-align-center\">Conferencia acad\u00e9mica a cargo <strong>PHARMEDIC<\/strong>:<br>Introducci\u00f3n sobre el cambio de paradigma en el diagn\u00f3stico de la alergia a ra\u00edz del advenimiento del diagn\u00f3stico molecular a trav\u00e9s del ALEX 2<br><mark style=\"background-color:#fffe7d\" class=\"has-inline-color\">   <strong> SAL\u00d3N YUI  <\/strong> <\/mark><mark style=\"background-color:#fbfa9c\" class=\"has-inline-color\"><br><\/mark>Dr. Antonio Nieto Garc\u00eda<\/p>\n<\/div>\n<\/div>\n\n\n\n<hr class=\"wp-block-separator has-alpha-channel-opacity is-style-wide\"\/>\n\n\n\n<div class=\"wp-block-columns alignfull are-vertically-aligned-center is-layout-flex wp-container-core-columns-is-layout-28f84493 wp-block-columns-is-layout-flex\">\n<div class=\"wp-block-column is-vertically-aligned-center is-layout-flow wp-block-column-is-layout-flow\">\n<p class=\"has-text-align-center\"><strong>11:00 \u2013 11:15<\/strong><br>15 minutos<\/p>\n<\/div>\n\n\n\n<div class=\"wp-block-column is-vertically-aligned-center is-layout-flow wp-block-column-is-layout-flow\">\n<p class=\"has-text-align-center\">CAF\u00c9 Y VISITA A LA MUESTRA COMERCIAL<br><mark style=\"background-color:#81ffff\" class=\"has-inline-color\">   <strong> ESPACIOS DE LA MUESTRA COMERCIAL  <\/strong> <\/mark><br>Patrocinadores<\/p>\n<\/div>\n<\/div>\n\n\n\n<hr class=\"wp-block-separator has-alpha-channel-opacity is-style-wide\"\/>\n\n\n\n<div class=\"wp-block-columns alignfull are-vertically-aligned-center is-layout-flex wp-container-core-columns-is-layout-28f84493 wp-block-columns-is-layout-flex\">\n<div class=\"wp-block-column is-vertically-aligned-center is-layout-flow wp-block-column-is-layout-flow\">\n<p class=\"has-text-align-center\"><strong>11:15 \u2013 12:00<\/strong><br>Modera: Dr. Carlos Olmos<\/p>\n<\/div>\n<\/div>\n\n\n\n<hr class=\"wp-block-separator has-alpha-channel-opacity is-style-wide\"\/>\n\n\n\n<div class=\"wp-block-columns alignfull are-vertically-aligned-center is-layout-flex wp-container-core-columns-is-layout-28f84493 wp-block-columns-is-layout-flex\">\n<div class=\"wp-block-column is-vertically-aligned-center is-layout-flow wp-block-column-is-layout-flow\">\n<p class=\"has-text-align-center\"><strong>11:15 \u2013 12:00<\/strong><br>45 minutos<\/p>\n<\/div>\n\n\n\n<div class=\"wp-block-column is-vertically-aligned-center is-layout-flow wp-block-column-is-layout-flow\">\n<p class=\"has-text-align-center\">Conferencia acad\u00e9mica a cargo <strong>LETI PHARMA y A.C.A.<\/strong>:<br>Reto en la Inmunoterapia:<br>Desaf\u00edo para la industria \u2013 Soluciones para el especialista<br><mark style=\"background-color:#fffe7d\" class=\"has-inline-color\">   <strong> SAL\u00d3N YUI  <\/strong> <\/mark><mark style=\"background-color:#fbfa9c\" class=\"has-inline-color\"><br><\/mark>Dra. M\u00f3nica Ruiz<br>y Dr. \u00c9dison Morales<\/p>\n<\/div>\n<\/div>\n\n\n\n<hr class=\"wp-block-separator has-alpha-channel-opacity is-style-wide\"\/>\n\n\n\n<div class=\"wp-block-columns alignfull are-vertically-aligned-center is-layout-flex wp-container-core-columns-is-layout-28f84493 wp-block-columns-is-layout-flex\">\n<div class=\"wp-block-column is-vertically-aligned-center is-layout-flow wp-block-column-is-layout-flow\">\n<p class=\"has-text-align-center\"><strong>12:00 \u2013 12:45<\/strong><br>Modera: Dra. Natalia Aguirre y Dr. Mauricio Sarr\u00e1zola<\/p>\n<\/div>\n<\/div>\n\n\n\n<hr class=\"wp-block-separator has-alpha-channel-opacity is-style-wide\"\/>\n\n\n\n<div class=\"wp-block-columns alignfull are-vertically-aligned-center is-layout-flex wp-container-core-columns-is-layout-28f84493 wp-block-columns-is-layout-flex\">\n<div class=\"wp-block-column is-vertically-aligned-center is-layout-flow wp-block-column-is-layout-flow\">\n<p class=\"has-text-align-center\"><strong>12:00 \u2013 12:45<\/strong><br>45 minutos<\/p>\n<\/div>\n\n\n\n<div class=\"wp-block-column is-vertically-aligned-center is-layout-flow wp-block-column-is-layout-flow\">\n<p class=\"has-text-align-center\">Conferencia acad\u00e9mica a cargo <strong>THERMOFISHER<\/strong>:<br>Impacto del diagn\u00f3stico in vitro en el manejo de la alergia alimentaria<br><mark style=\"background-color:#fffe7d\" class=\"has-inline-color\">   <strong> SAL\u00d3N YUI  <\/strong> <\/mark><mark style=\"background-color:#fbfa9c\" class=\"has-inline-color\"><br><\/mark>Dra. Nathalie Acevedo<\/p>\n<\/div>\n<\/div>\n\n\n\n<hr class=\"wp-block-separator has-alpha-channel-opacity is-style-wide\"\/>\n\n\n\n<div class=\"wp-block-columns alignfull are-vertically-aligned-center is-layout-flex wp-container-core-columns-is-layout-28f84493 wp-block-columns-is-layout-flex\">\n<div class=\"wp-block-column is-vertically-aligned-center is-layout-flow wp-block-column-is-layout-flow\">\n<p class=\"has-text-align-center\"><strong>12:45 \u2013 14:00<\/strong><br>Modera: Dr. Jaime Ocampo<\/p>\n<\/div>\n<\/div>\n\n\n\n<hr class=\"wp-block-separator has-alpha-channel-opacity is-style-wide\"\/>\n\n\n\n<div class=\"wp-block-columns alignfull are-vertically-aligned-center is-layout-flex wp-container-core-columns-is-layout-28f84493 wp-block-columns-is-layout-flex\">\n<div class=\"wp-block-column is-vertically-aligned-center is-layout-flow wp-block-column-is-layout-flow\">\n<p class=\"has-text-align-center\"><strong>12:45 \u2013 14:00<\/strong><br>75 minutos<\/p>\n<\/div>\n\n\n\n<div class=\"wp-block-column is-vertically-aligned-center is-layout-flow wp-block-column-is-layout-flow\">\n<p class=\"has-text-align-center\">Simposio a cargo de <strong>TAKEDA<\/strong><br><strong><mark style=\"background-color:#ff0000;color:#ffffff\" class=\"has-inline-color\">(incluye almuerzo)<\/mark><\/strong>:<br>Reimaginando el manejo del Angioedema Hereditario:<br>El viaje hasta ahora y el camino hacia el futuro<br><mark style=\"background-color:#fffe7d\" class=\"has-inline-color\">   <strong> SAL\u00d3N YUI  <\/strong> <\/mark><mark style=\"background-color:#fbfa9c\" class=\"has-inline-color\"><br><\/mark>Dra. Natalia Fili<br>Dra. Sara Sus<br>Dra. Mar\u00eda Claudia Ortega<br>Dr. \u2060\u00c9dison Morales<br>Dr. Mauricio Sarr\u00e1zola<br>Dr. C\u00e9sar Mu\u00f1oz<\/p>\n<\/div>\n<\/div>\n\n\n\n<hr class=\"wp-block-separator has-alpha-channel-opacity is-style-wide\"\/>\n\n\n\n<div class=\"wp-block-columns alignfull are-vertically-aligned-center is-layout-flex wp-container-core-columns-is-layout-28f84493 wp-block-columns-is-layout-flex\">\n<div class=\"wp-block-column is-vertically-aligned-center is-layout-flow wp-block-column-is-layout-flow\">\n<p class=\"has-text-align-center\"><strong>14:00 \u2013 14:15<\/strong><br>15 minutos<\/p>\n<\/div>\n\n\n\n<div class=\"wp-block-column is-vertically-aligned-center is-layout-flow wp-block-column-is-layout-flow\">\n<p class=\"has-text-align-center\"><strong>CLAUSURA DEL CURSO Y PREMIACI\u00d3N<\/strong><br><mark style=\"background-color:#fffe7d\" class=\"has-inline-color\">   <strong> SAL\u00d3N YUI  <\/strong> <\/mark><mark style=\"background-color:#fbfa9c\" class=\"has-inline-color\"><br><\/mark>Dr. Jaime Ocampo &#8211; Presidente de la ACAAI<\/p>\n<\/div>\n<\/div>\n\n\n\n<hr class=\"wp-block-separator has-alpha-channel-opacity is-style-wide\"\/>\n\n\n\n<div class=\"wp-block-columns alignfull are-vertically-aligned-center is-layout-flex wp-container-core-columns-is-layout-28f84493 wp-block-columns-is-layout-flex\">\n<div class=\"wp-block-column is-vertically-aligned-center is-layout-flow wp-block-column-is-layout-flow\">\n<p class=\"has-text-align-center\"><strong>14:15 \u2013 16:<\/strong>15<br>120 minutos<\/p>\n<\/div>\n\n\n\n<div class=\"wp-block-column is-vertically-aligned-center is-layout-flow wp-block-column-is-layout-flow\">\n<p class=\"has-text-align-center\">Asamblea Extraordinaria de:<br>\u00abAlerg\u00f3logos Cl\u00ednicos Asociados S.A.S.\u00bb<br><mark style=\"background-color:#fffe7d\" class=\"has-inline-color\">   <strong> SAL\u00d3N YUI  <\/strong> <\/mark><mark style=\"background-color:#fbfa9c\" class=\"has-inline-color\"><br><\/mark>Accionistas de A.C.A.<\/p>\n<\/div>\n<\/div>\n\n\n\n<hr class=\"wp-block-separator has-alpha-channel-opacity is-style-wide\"\/>\n\n\n\n<div class=\"wp-block-columns alignfull are-vertically-aligned-center is-layout-flex wp-container-core-columns-is-layout-28f84493 wp-block-columns-is-layout-flex\">\n<div class=\"wp-block-column is-vertically-aligned-center is-layout-flow wp-block-column-is-layout-flow\">\n<p class=\"has-text-align-center\"><strong>19:30 \u2013 23:30<\/strong><br>240 minutos<\/p>\n<\/div>\n\n\n\n<div class=\"wp-block-column is-vertically-aligned-center is-layout-flow wp-block-column-is-layout-flow\">\n<p class=\"has-text-align-center\">CENA DE CLAUSURA Y ACTO CULTURAL VALLENATO<br><mark style=\"background-color:#89ff7d\" class=\"has-inline-color\">   <strong> CLUB VALLEDUPAR  <\/strong> <\/mark><mark style=\"background-color:#fbfa9c\" class=\"has-inline-color\"><br><\/mark><span style=\"text-align: start; white-space: normal; caret-color: rgb(71, 71, 71); color: rgb(71, 71, 71); font-family: Roboto, &quot;Helvetica Neue&quot;, Arial, sans-serif; font-size: 14px; -webkit-tap-highlight-color: rgba(0, 0, 0, 0); background-color: rgb(255, 255, 255);\"><\/span>Carrera 8 N\u00ba 11 95<div><div style=\"text-align: start;\"><font color=\"#474747\" face=\"Roboto, Helvetica Neue, Arial, sans-serif\"><span style=\"caret-color: rgb(71, 71, 71); font-size: 14px; white-space-collapse: collapse; background-color: rgb(255, 255, 255);\"><\/span><\/font><\/div>PATROCINA: INMUNOTEK COLOMBIA<br>C\u00f3digo de Vestuario:<br><span style=\"font-kerning: none;\"><\/span>Mujeres: Semi formal blanco<br>Hombres: Camisa guayabera<\/div><\/p>\n<\/div>\n<\/div>\n\n\n\n<hr class=\"wp-block-separator has-alpha-channel-opacity is-style-wide\"\/>\n\n\n\n<div class=\"wp-block-group is-content-justification-center is-nowrap is-layout-flex wp-container-core-group-is-layout-23441af8 wp-block-group-is-layout-flex\">\n<div class=\"wp-block-columns is-layout-flex wp-container-core-columns-is-layout-28f84493 wp-block-columns-is-layout-flex\">\n<div class=\"wp-block-column is-layout-flow wp-block-column-is-layout-flow\" style=\"flex-basis:100%\">\n<p class=\"has-text-align-center has-text-color has-link-color has-medium-font-size wp-elements-92dbbe6fd11808cd2cbda7c22aaa2010\" style=\"color:#ba3737\"><a href=\"https:\/\/cursoacaai.com\/index.php\/programa-curso-acaai-laureano-serna-2024-jueves-19-09-2024\/\">Programa del Jueves, 19\/09\/2024<\/a><\/p>\n<\/div>\n<\/div>\n\n\n\n<figure class=\"wp-block-image size-full is-resized\"><a href=\"https:\/\/cursoacaai.com\/index.php\/programa-curso-acaai-laureano-serna-2024-jueves-19-09-2024\/\"><img decoding=\"async\" width=\"838\" height=\"569\" src=\"https:\/\/cursoacaai.com\/wp-content\/uploads\/2024\/08\/19-SEPTIEMBRE-2024.png\" alt=\"\" class=\"wp-image-393\" style=\"width:280px\" srcset=\"https:\/\/cursoacaai.com\/wp-content\/uploads\/2024\/08\/19-SEPTIEMBRE-2024.png 838w, https:\/\/cursoacaai.com\/wp-content\/uploads\/2024\/08\/19-SEPTIEMBRE-2024-300x204.png 300w, https:\/\/cursoacaai.com\/wp-content\/uploads\/2024\/08\/19-SEPTIEMBRE-2024-768x521.png 768w\" sizes=\"(max-width: 838px) 100vw, 838px\" \/><\/a><\/figure>\n<\/div>\n\n\n\n<hr class=\"wp-block-separator has-alpha-channel-opacity is-style-dots\"\/>\n\n\n\n<div class=\"wp-block-group is-content-justification-center is-nowrap is-layout-flex wp-container-core-group-is-layout-23441af8 wp-block-group-is-layout-flex\">\n<div class=\"wp-block-columns is-layout-flex wp-container-core-columns-is-layout-28f84493 wp-block-columns-is-layout-flex\">\n<div class=\"wp-block-column is-layout-flow wp-block-column-is-layout-flow\" style=\"flex-basis:100%\">\n<p class=\"has-text-align-center has-text-color has-link-color has-medium-font-size wp-elements-5176a986bb6ba41790087bd7a1b2225a\" style=\"color:#ba3737\"><a href=\"https:\/\/cursoacaai.com\/index.php\/programa-del-curso-acaai-laureano-serna-2024-viernes-20-09-2024\/\">Programa del viernes, 20\/09\/2024<\/a><\/p>\n<\/div>\n<\/div>\n\n\n\n<figure class=\"wp-block-image size-full is-resized\"><a href=\"https:\/\/cursoacaai.com\/index.php\/programa-del-curso-acaai-laureano-serna-2024-viernes-20-09-2024\/\"><img loading=\"lazy\" decoding=\"async\" width=\"838\" height=\"568\" src=\"https:\/\/cursoacaai.com\/wp-content\/uploads\/2024\/08\/20-SEPTIEMBRE-2024.png\" alt=\"\" class=\"wp-image-394\" style=\"width:280px\" srcset=\"https:\/\/cursoacaai.com\/wp-content\/uploads\/2024\/08\/20-SEPTIEMBRE-2024.png 838w, https:\/\/cursoacaai.com\/wp-content\/uploads\/2024\/08\/20-SEPTIEMBRE-2024-300x203.png 300w, https:\/\/cursoacaai.com\/wp-content\/uploads\/2024\/08\/20-SEPTIEMBRE-2024-768x521.png 768w\" sizes=\"(max-width: 838px) 100vw, 838px\" \/><\/a><\/figure>\n<\/div>\n\n\n\n<hr class=\"wp-block-separator has-alpha-channel-opacity is-style-dots\"\/>\n\n\n\n<p class=\"has-text-align-center has-text-color has-link-color has-large-font-size wp-elements-a3f8f724b490ff259ac1edb02aea1476\" style=\"color:#ba3737\"><em><a href=\"https:\/\/www.cursoacaai.com\/wp-content\/uploads\/2024\/08\/PROGRAMA CURSO LAUREANO SERNA 2024.pdf\">Programa del Curso ACAAI Laureano Serna 2024 (pdf descargable<\/a>)<\/em><\/p>\n\n\n\n<hr class=\"wp-block-separator has-alpha-channel-opacity is-style-dots\"\/>\n","protected":false},"excerpt":{"rendered":"<p>PROGRAMA DEL CURSO ACAAI LAUREANO SERNA 2024S\u00e1bado 21\/09\/2024POSTCURSO PATROCINADO:Avances en temas de inter\u00e9s en alergolog\u00eda en la era de la medicina de precisi\u00f3n y la inflamaci\u00f3n T2 07:45 \u2013 10:45Modera: Dra. Manuela Olaya y Dr. Jos\u00e9 Mopan 07:45 \u2013 08:4560 minutos Simposio a cargo de PFIZER(incluye desayuno):\u00abStaquis\u00bb: una terapia innovadorapara el tratamiento de la dermatitis [&hellip;]<\/p>\n","protected":false},"author":1,"featured_media":0,"parent":0,"menu_order":0,"comment_status":"closed","ping_status":"closed","template":"","meta":{"footnotes":""},"class_list":["post-337","page","type-page","status-publish","hentry"],"_links":{"self":[{"href":"https:\/\/cursoacaai.com\/index.php\/wp-json\/wp\/v2\/pages\/337","targetHints":{"allow":["GET"]}}],"collection":[{"href":"https:\/\/cursoacaai.com\/index.php\/wp-json\/wp\/v2\/pages"}],"about":[{"href":"https:\/\/cursoacaai.com\/index.php\/wp-json\/wp\/v2\/types\/page"}],"author":[{"embeddable":true,"href":"https:\/\/cursoacaai.com\/index.php\/wp-json\/wp\/v2\/users\/1"}],"replies":[{"embeddable":true,"href":"https:\/\/cursoacaai.com\/index.php\/wp-json\/wp\/v2\/comments?post=337"}],"version-history":[{"count":60,"href":"https:\/\/cursoacaai.com\/index.php\/wp-json\/wp\/v2\/pages\/337\/revisions"}],"predecessor-version":[{"id":693,"href":"https:\/\/cursoacaai.com\/index.php\/wp-json\/wp\/v2\/pages\/337\/revisions\/693"}],"wp:attachment":[{"href":"https:\/\/cursoacaai.com\/index.php\/wp-json\/wp\/v2\/media?parent=337"}],"curies":[{"name":"wp","href":"https:\/\/api.w.org\/{rel}","templated":true}]}}