{"id":323,"date":"2024-08-22T15:08:35","date_gmt":"2024-08-22T15:08:35","guid":{"rendered":"https:\/\/cursoacaai.com\/?page_id=323"},"modified":"2024-09-20T07:02:50","modified_gmt":"2024-09-20T12:02:50","slug":"programa-del-curso-acaai-laureano-serna-2024-viernes-20-09-2024","status":"publish","type":"page","link":"https:\/\/cursoacaai.com\/index.php\/programa-del-curso-acaai-laureano-serna-2024-viernes-20-09-2024\/","title":{"rendered":"PROGRAMA DEL CURSO ACAAI LAUREANO SERNA 2024 &#8211; VIERNES 20\/09\/2024"},"content":{"rendered":"\n<figure class=\"wp-block-image alignfull size-full\"><a href=\"https:\/\/cursoacaai.com\/\"><img fetchpriority=\"high\" decoding=\"async\" width=\"2160\" height=\"1080\" src=\"https:\/\/cursoacaai.com\/wp-content\/uploads\/2024\/08\/IMG_9120.jpeg\" alt=\"\" class=\"wp-image-462\" srcset=\"https:\/\/cursoacaai.com\/wp-content\/uploads\/2024\/08\/IMG_9120.jpeg 2160w, https:\/\/cursoacaai.com\/wp-content\/uploads\/2024\/08\/IMG_9120-300x150.jpeg 300w, https:\/\/cursoacaai.com\/wp-content\/uploads\/2024\/08\/IMG_9120-1024x512.jpeg 1024w, https:\/\/cursoacaai.com\/wp-content\/uploads\/2024\/08\/IMG_9120-768x384.jpeg 768w, https:\/\/cursoacaai.com\/wp-content\/uploads\/2024\/08\/IMG_9120-1536x768.jpeg 1536w, https:\/\/cursoacaai.com\/wp-content\/uploads\/2024\/08\/IMG_9120-2048x1024.jpeg 2048w\" sizes=\"(max-width: 2160px) 100vw, 2160px\" \/><\/a><\/figure>\n\n\n\n<hr class=\"wp-block-separator has-alpha-channel-opacity is-style-dots\"\/>\n\n\n\n<div class=\"wp-block-media-text is-stacked-on-mobile is-vertically-aligned-center\" style=\"grid-template-columns:36% auto\"><figure class=\"wp-block-media-text__media\"><img decoding=\"async\" width=\"1024\" height=\"284\" src=\"https:\/\/cursoacaai.com\/wp-content\/uploads\/2024\/03\/LOGO-ACAAI-JPG-1024x284.jpg\" alt=\"\" class=\"wp-image-178 size-full\" srcset=\"https:\/\/cursoacaai.com\/wp-content\/uploads\/2024\/03\/LOGO-ACAAI-JPG-1024x284.jpg 1024w, https:\/\/cursoacaai.com\/wp-content\/uploads\/2024\/03\/LOGO-ACAAI-JPG-300x83.jpg 300w, https:\/\/cursoacaai.com\/wp-content\/uploads\/2024\/03\/LOGO-ACAAI-JPG-768x213.jpg 768w, https:\/\/cursoacaai.com\/wp-content\/uploads\/2024\/03\/LOGO-ACAAI-JPG-1536x426.jpg 1536w, https:\/\/cursoacaai.com\/wp-content\/uploads\/2024\/03\/LOGO-ACAAI-JPG-2048x567.jpg 2048w\" sizes=\"(max-width: 1024px) 100vw, 1024px\" \/><\/figure><div class=\"wp-block-media-text__content\">\n<p class=\"has-text-align-center has-medium-font-size\"><strong>PROGRAMA DEL CURSO ACAAI LAUREANO SERNA 2024<\/strong><br><strong>Viernes 20\/09\/2024<br>Pr\u00e1ctica adecuada y segura de procedimientos en alergolog\u00eda en la era de la medicina de precisi\u00f3n y la inflamaci\u00f3n T2<\/strong><\/p>\n<\/div><\/div>\n\n\n\n<hr class=\"wp-block-separator has-alpha-channel-opacity is-style-wide\"\/>\n\n\n\n<div class=\"wp-block-columns alignfull are-vertically-aligned-center is-layout-flex wp-container-core-columns-is-layout-28f84493 wp-block-columns-is-layout-flex\">\n<div class=\"wp-block-column is-vertically-aligned-center is-layout-flow wp-block-column-is-layout-flow\">\n<p class=\"has-text-align-center\"><strong>08:30 \u2013 09:30<\/strong><br>60 minutos<\/p>\n<\/div>\n\n\n\n<div class=\"wp-block-column is-vertically-aligned-center is-layout-flow wp-block-column-is-layout-flow\">\n<p class=\"has-text-align-center\">Simposio a cargo de <strong>ASTRAZENECA<\/strong><br><strong><mark style=\"background-color:#ff0000;color:#ffffff\" class=\"has-inline-color\">(incluye desayuno)<\/mark><\/strong>:<br>El eosin\u00f3filo como factor clave en la inflamaci\u00f3n<br>para pacientes con<br>Asma Grave Eosinof\u00edlica con P\u00f3lipos Nasales<br><mark style=\"background-color:#fffe7d\" class=\"has-inline-color\">   <strong> SAL\u00d3N YUI  <\/strong> <\/mark><mark style=\"background-color:#fbfa9c\" class=\"has-inline-color\"><br><\/mark>Dr. Juli\u00e1n Londo\u00f1o<\/p>\n<\/div>\n<\/div>\n\n\n\n<hr class=\"wp-block-separator has-alpha-channel-opacity is-style-wide\"\/>\n\n\n\n<div class=\"wp-block-columns alignfull are-vertically-aligned-center is-layout-flex wp-container-core-columns-is-layout-28f84493 wp-block-columns-is-layout-flex\">\n<div class=\"wp-block-column is-vertically-aligned-center is-layout-flow wp-block-column-is-layout-flow\">\n<p class=\"has-text-align-center\"><strong>08:30 \u2013 09:30<\/strong><br>60 minutos<\/p>\n<\/div>\n\n\n\n<div class=\"wp-block-column is-vertically-aligned-center is-layout-flow wp-block-column-is-layout-flow\">\n<p class=\"has-text-align-center\">Simposio a cargo de <strong>BAG\u00d3<\/strong><br><strong><mark style=\"background-color:#ff0000;color:#ffffff\" class=\"has-inline-color\">(incluye desayuno)<\/mark><\/strong>:<br>El rol del Pidotimod en las enfermedades al\u00e9rgicas<br><mark style=\"background-color:#e5a5ee\" class=\"has-inline-color\">   <strong> SAL\u00d3N ARHUACO  <\/strong> <\/mark><mark style=\"background-color:#fbfa9c\" class=\"has-inline-color\"><br><\/mark>Dr. C\u00e9sar Mu\u00f1oz<\/p>\n<\/div>\n<\/div>\n\n\n\n<hr class=\"wp-block-separator has-alpha-channel-opacity is-style-wide\"\/>\n\n\n\n<div class=\"wp-block-columns alignfull are-vertically-aligned-center is-layout-flex wp-container-core-columns-is-layout-28f84493 wp-block-columns-is-layout-flex\">\n<div class=\"wp-block-column is-vertically-aligned-center is-layout-flow wp-block-column-is-layout-flow\">\n<p class=\"has-text-align-center\"><strong>09:30 \u2013 11:00<\/strong><br>Modera: Dra. Rosa Farf\u00e1n y Dr. Alejandro Carre\u00f1o<\/p>\n<\/div>\n<\/div>\n\n\n\n<hr class=\"wp-block-separator has-alpha-channel-opacity is-style-wide\"\/>\n\n\n\n<div class=\"wp-block-columns alignfull are-vertically-aligned-center is-layout-flex wp-container-core-columns-is-layout-28f84493 wp-block-columns-is-layout-flex\">\n<div class=\"wp-block-column is-vertically-aligned-center is-layout-flow wp-block-column-is-layout-flow\">\n<p class=\"has-text-align-center\"><strong>09:30 \u2013 10:15<\/strong><br>45 minutos<\/p>\n<\/div>\n\n\n\n<div class=\"wp-block-column is-vertically-aligned-center is-layout-flow wp-block-column-is-layout-flow\">\n<p class=\"has-text-align-center\">Sensibilizaci\u00f3n Vs. Alergia:<br>Evaluando la relevancia cl\u00ednica<br>en pruebas de parche y prick test<br><mark style=\"background-color:#fffe7d\" class=\"has-inline-color\">   <strong> SAL\u00d3N YUI  <\/strong> <\/mark><mark style=\"background-color:#fbfa9c\" class=\"has-inline-color\"><br><\/mark>Dra. Susana Diez<\/p>\n<\/div>\n<\/div>\n\n\n\n<hr class=\"wp-block-separator has-alpha-channel-opacity is-style-wide\"\/>\n\n\n\n<div class=\"wp-block-columns alignfull are-vertically-aligned-center is-layout-flex wp-container-core-columns-is-layout-28f84493 wp-block-columns-is-layout-flex\">\n<div class=\"wp-block-column is-vertically-aligned-center is-layout-flow wp-block-column-is-layout-flow\">\n<p class=\"has-text-align-center\"><strong>10:15 \u2013 11:00<\/strong><br>45 minutos<\/p>\n<\/div>\n\n\n\n<div class=\"wp-block-column is-vertically-aligned-center is-layout-flow wp-block-column-is-layout-flow\">\n<p class=\"has-text-align-center\">Pruebas cut\u00e1neas con medicamentos:<br>\u00bfA\u00fan est\u00e1n vigentes?<br><mark style=\"background-color:#fffe7d\" class=\"has-inline-color\">   <strong> SAL\u00d3N YUI  <\/strong> <\/mark><mark style=\"background-color:#fbfa9c\" class=\"has-inline-color\"><br><\/mark>Dra. Ruth Helena Ram\u00edrez<\/p>\n<\/div>\n<\/div>\n\n\n\n<hr class=\"wp-block-separator has-alpha-channel-opacity is-style-wide\"\/>\n\n\n\n<div class=\"wp-block-columns alignfull are-vertically-aligned-center is-layout-flex wp-container-core-columns-is-layout-28f84493 wp-block-columns-is-layout-flex\">\n<div class=\"wp-block-column is-vertically-aligned-center is-layout-flow wp-block-column-is-layout-flow\">\n<p class=\"has-text-align-center\"><strong>11:00 \u2013 13:55<\/strong><br>Modera: Dra. Ana Calle y Dr. Jaime Ocampo<\/p>\n<\/div>\n<\/div>\n\n\n\n<hr class=\"wp-block-separator has-alpha-channel-opacity is-style-wide\"\/>\n\n\n\n<div class=\"wp-block-columns alignfull are-vertically-aligned-center is-layout-flex wp-container-core-columns-is-layout-28f84493 wp-block-columns-is-layout-flex\">\n<div class=\"wp-block-column is-vertically-aligned-center is-layout-flow wp-block-column-is-layout-flow\">\n<p class=\"has-text-align-center\"><strong>11:00 \u2013 11:40<\/strong><br>40 minutos<\/p>\n<\/div>\n\n\n\n<div class=\"wp-block-column is-vertically-aligned-center is-layout-flow wp-block-column-is-layout-flow\">\n<p class=\"has-text-align-center\">Conferencia acad\u00e9mica a cargo de <strong>ABBVIE<\/strong>:<br>\u00abRinvoq\u00bb: resultados que cambian la historia<br>del manejo de la DA<br><mark style=\"background-color:#fffe7d\" class=\"has-inline-color\">   <strong> SAL\u00d3N YUI  <\/strong> <\/mark><mark style=\"background-color:#fbfa9c\" class=\"has-inline-color\"><br><\/mark>Dr. Edgardo Chapman<br>y Dr. \u00c9dison Morales<\/p>\n<\/div>\n<\/div>\n\n\n\n<hr class=\"wp-block-separator has-alpha-channel-opacity is-style-wide\"\/>\n\n\n\n<div class=\"wp-block-columns alignfull are-vertically-aligned-center is-layout-flex wp-container-core-columns-is-layout-28f84493 wp-block-columns-is-layout-flex\">\n<div class=\"wp-block-column is-vertically-aligned-center is-layout-flow wp-block-column-is-layout-flow\">\n<p class=\"has-text-align-center\"><strong>11:40 \u2013 12:10<\/strong><br>30 minutos<\/p>\n<\/div>\n\n\n\n<div class=\"wp-block-column is-vertically-aligned-center is-layout-flow wp-block-column-is-layout-flow\">\n<p class=\"has-text-align-center\">CAF\u00c9 Y VISITA A LA MUESTRA COMERCIAL<br><mark style=\"background-color:#81ffff\" class=\"has-inline-color\">   <strong> ESPACIOS DE LA MUESTRA COMERCIAL  <\/strong> <\/mark><br>Patrocinadores<\/p>\n<\/div>\n<\/div>\n\n\n\n<hr class=\"wp-block-separator has-alpha-channel-opacity is-style-wide\"\/>\n\n\n\n<div class=\"wp-block-columns alignfull are-vertically-aligned-center is-layout-flex wp-container-core-columns-is-layout-28f84493 wp-block-columns-is-layout-flex\">\n<div class=\"wp-block-column is-vertically-aligned-center is-layout-flow wp-block-column-is-layout-flow\">\n<p class=\"has-text-align-center\"><strong>12:10 \u2013 12:55<\/strong><br>45 minutos<\/p>\n<\/div>\n\n\n\n<div class=\"wp-block-column is-vertically-aligned-center is-layout-flow wp-block-column-is-layout-flow\">\n<p class=\"has-text-align-center\">Pruebas de Provocaci\u00f3n Nasal:<br>\u00bfCu\u00e1ndo, por qu\u00e9 y c\u00f3mo?<br><mark style=\"background-color:#fffe7d\" class=\"has-inline-color\">   <strong> SAL\u00d3N YUI  <\/strong> <\/mark><mark style=\"background-color:#fbfa9c\" class=\"has-inline-color\"><br><\/mark>Dra. Carmen Rond\u00f3n<\/p>\n<\/div>\n<\/div>\n\n\n\n<hr class=\"wp-block-separator has-alpha-channel-opacity is-style-wide\"\/>\n\n\n\n<div class=\"wp-block-columns alignfull are-vertically-aligned-center is-layout-flex wp-container-core-columns-is-layout-28f84493 wp-block-columns-is-layout-flex\">\n<div class=\"wp-block-column is-vertically-aligned-center is-layout-flow wp-block-column-is-layout-flow\">\n<p class=\"has-text-align-center\"><strong>12:55 \u2013 13:40<\/strong><br>45 minutos<\/p>\n<\/div>\n\n\n\n<div class=\"wp-block-column is-vertically-aligned-center is-layout-flow wp-block-column-is-layout-flow\">\n<p class=\"has-text-align-center\">Provocaci\u00f3n con Medicamentos:<br>Riesgos, Beneficios y Responsabilidades<br><mark style=\"background-color:#fffe7d\" class=\"has-inline-color\">   <strong> SAL\u00d3N YUI  <\/strong> <\/mark><mark style=\"background-color:#fbfa9c\" class=\"has-inline-color\"><br><\/mark>Dr. Carlos Serrano<\/p>\n<\/div>\n<\/div>\n\n\n\n<hr class=\"wp-block-separator has-alpha-channel-opacity is-style-wide\"\/>\n\n\n\n<div class=\"wp-block-columns alignfull are-vertically-aligned-center is-layout-flex wp-container-core-columns-is-layout-28f84493 wp-block-columns-is-layout-flex\">\n<div class=\"wp-block-column is-vertically-aligned-center is-layout-flow wp-block-column-is-layout-flow\">\n<p class=\"has-text-align-center\"><strong>13:40 \u2013 13:55<\/strong><br>15 minutos<\/p>\n<\/div>\n\n\n\n<div class=\"wp-block-column is-vertically-aligned-center is-layout-flow wp-block-column-is-layout-flow\">\n<p class=\"has-text-align-center\">CAF\u00c9 Y VISITA A LA MUESTRA COMERCIAL<br><mark style=\"background-color:#81ffff\" class=\"has-inline-color\">   <strong> ESPACIOS DE LA MUESTRA COMERCIAL  <\/strong> <\/mark><br>Patrocinadores<\/p>\n<\/div>\n<\/div>\n\n\n\n<hr class=\"wp-block-separator has-alpha-channel-opacity is-style-wide\"\/>\n\n\n\n<div class=\"wp-block-columns alignfull are-vertically-aligned-center is-layout-flex wp-container-core-columns-is-layout-28f84493 wp-block-columns-is-layout-flex\">\n<div class=\"wp-block-column is-vertically-aligned-center is-layout-flow wp-block-column-is-layout-flow\">\n<p class=\"has-text-align-center\"><strong>13:55 \u2013 15:10<\/strong><br>75 minutos<\/p>\n<\/div>\n\n\n\n<div class=\"wp-block-column is-vertically-aligned-center is-layout-flow wp-block-column-is-layout-flow\">\n<p class=\"has-text-align-center\">Simposio a cargo de <strong>SANOFI<\/strong><br><strong><mark style=\"background-color:#ff0000;color:#ffffff\" class=\"has-inline-color\">(incluye almuerzo)<\/mark><\/strong>:<br>Desatando el poder de la inhibici\u00f3n dual IL-4 e IL-13<br><mark style=\"background-color:#fffe7d\" class=\"has-inline-color\">   <strong> SAL\u00d3N YUI  <\/strong> <\/mark><mark style=\"background-color:#fbfa9c\" class=\"has-inline-color\"><br><\/mark>Dra. Mar\u00eda Fernanda Ord\u00f3\u00f1ez<\/p>\n<\/div>\n<\/div>\n\n\n\n<hr class=\"wp-block-separator has-alpha-channel-opacity is-style-wide\"\/>\n\n\n\n<div class=\"wp-block-columns alignfull are-vertically-aligned-center is-layout-flex wp-container-core-columns-is-layout-28f84493 wp-block-columns-is-layout-flex\">\n<div class=\"wp-block-column is-vertically-aligned-center is-layout-flow wp-block-column-is-layout-flow\">\n<p class=\"has-text-align-center\"><strong>13:55 \u2013 15:10<\/strong><br>75 minutos<\/p>\n<\/div>\n\n\n\n<div class=\"wp-block-column is-vertically-aligned-center is-layout-flow wp-block-column-is-layout-flow\">\n<p class=\"has-text-align-center\">Simposio a cargo de <strong>GSK<\/strong><br><strong><mark style=\"background-color:#ff0000;color:#ffffff\" class=\"has-inline-color\">(incluye almuerzo)<\/mark><\/strong>:<br>Repensando la IL5, Reconociendo a Mepolizumab<br><mark style=\"background-color:#e5a5ee\" class=\"has-inline-color\">   <strong> SAL\u00d3N ARHUACO  <\/strong> <\/mark><mark style=\"background-color:#fbfa9c\" class=\"has-inline-color\"><br><\/mark>Dra. D\u00e9sir\u00e9e Larenas-Linnemann<br>y Dr. \u00c9dison Morales<\/p>\n<\/div>\n<\/div>\n\n\n\n<hr class=\"wp-block-separator has-alpha-channel-opacity is-style-wide\"\/>\n\n\n\n<div class=\"wp-block-columns alignfull are-vertically-aligned-center is-layout-flex wp-container-core-columns-is-layout-28f84493 wp-block-columns-is-layout-flex\">\n<div class=\"wp-block-column is-vertically-aligned-center is-layout-flow wp-block-column-is-layout-flow\">\n<p class=\"has-text-align-center\"><strong>15:10 \u2013 18:00<\/strong><br>Modera: Dr. Eduardo de Zubir\u00eda y Dr. \u00c9dison Morales<\/p>\n<\/div>\n<\/div>\n\n\n\n<hr class=\"wp-block-separator has-alpha-channel-opacity is-style-wide\"\/>\n\n\n\n<div class=\"wp-block-columns alignfull are-vertically-aligned-center is-layout-flex wp-container-core-columns-is-layout-28f84493 wp-block-columns-is-layout-flex\">\n<div class=\"wp-block-column is-vertically-aligned-center is-layout-flow wp-block-column-is-layout-flow\">\n<p class=\"has-text-align-center\"><strong>15:10 \u2013 15:55<\/strong><br>45 minutos<\/p>\n<\/div>\n\n\n\n<div class=\"wp-block-column is-vertically-aligned-center is-layout-flow wp-block-column-is-layout-flow\">\n<p class=\"has-text-align-center\">Inmunoterapia con al\u00e9rgenos:<br>\u00bfcu\u00e1ndo s\u00ed y por qu\u00e9 no?<br><mark style=\"background-color:#fffe7d\" class=\"has-inline-color\">   <strong> SAL\u00d3N YUI  <\/strong> <\/mark><mark style=\"background-color:#fbfa9c\" class=\"has-inline-color\"><br><\/mark>Dr. Edgardo Chapman<\/p>\n<\/div>\n<\/div>\n\n\n\n<hr class=\"wp-block-separator has-alpha-channel-opacity is-style-wide\"\/>\n\n\n\n<div class=\"wp-block-columns alignfull are-vertically-aligned-center is-layout-flex wp-container-core-columns-is-layout-28f84493 wp-block-columns-is-layout-flex\">\n<div class=\"wp-block-column is-vertically-aligned-center is-layout-flow wp-block-column-is-layout-flow\">\n<p class=\"has-text-align-center\"><strong>15:55 \u2013 16:25<\/strong><br>30 minutos<\/p>\n<\/div>\n\n\n\n<div class=\"wp-block-column is-vertically-aligned-center is-layout-flow wp-block-column-is-layout-flow\">\n<p class=\"has-text-align-center\">CAF\u00c9 Y VISITA A LA MUESTRA COMERCIAL<br><mark style=\"background-color:#81ffff\" class=\"has-inline-color\">   <strong> ESPACIOS DE LA MUESTRA COMERCIAL  <\/strong> <\/mark><br>Patrocinadores<\/p>\n<\/div>\n<\/div>\n\n\n\n<hr class=\"wp-block-separator has-alpha-channel-opacity is-style-wide\"\/>\n\n\n\n<div class=\"wp-block-columns alignfull are-vertically-aligned-center is-layout-flex wp-container-core-columns-is-layout-28f84493 wp-block-columns-is-layout-flex\">\n<div class=\"wp-block-column is-vertically-aligned-center is-layout-flow wp-block-column-is-layout-flow\">\n<p class=\"has-text-align-center\"><strong>16:25 \u2013 17:10<\/strong><br>45 minutos<\/p>\n<\/div>\n\n\n\n<div class=\"wp-block-column is-vertically-aligned-center is-layout-flow wp-block-column-is-layout-flow\">\n<p class=\"has-text-align-center\">Inmunoterapia con al\u00e9rgenos:<br>cinco dudas comunes<br><mark style=\"background-color:#fffe7d\" class=\"has-inline-color\">   <strong> SAL\u00d3N YUI  <\/strong> <\/mark><mark style=\"background-color:#fbfa9c\" class=\"has-inline-color\"><br><\/mark>Dr. Jorge S\u00e1nchez<\/p>\n<\/div>\n<\/div>\n\n\n\n<hr class=\"wp-block-separator has-alpha-channel-opacity is-style-wide\"\/>\n\n\n\n<div class=\"wp-block-columns alignfull are-vertically-aligned-center is-layout-flex wp-container-core-columns-is-layout-28f84493 wp-block-columns-is-layout-flex\">\n<div class=\"wp-block-column is-vertically-aligned-center is-layout-flow wp-block-column-is-layout-flow\">\n<p class=\"has-text-align-center\"><strong>17:10 \u2013 17:40<\/strong><br>30 minutos<\/p>\n<\/div>\n\n\n\n<div class=\"wp-block-column is-vertically-aligned-center is-layout-flow wp-block-column-is-layout-flow\">\n<p class=\"has-text-align-center\">\u00bfTodos los pacientes con alergia alimentaria<br>se deben someter a provocaci\u00f3n oral?<br>\u00bfC\u00f3mo hacerla?<br><mark style=\"background-color:#fffe7d\" class=\"has-inline-color\">   <strong> SAL\u00d3N YUI  <\/strong> <\/mark><mark style=\"background-color:#fbfa9c\" class=\"has-inline-color\"><br><\/mark>Dra. Manuela Olaya<\/p>\n<\/div>\n<\/div>\n\n\n\n<hr class=\"wp-block-separator has-alpha-channel-opacity is-style-wide\"\/>\n\n\n\n<div class=\"wp-block-columns alignfull are-vertically-aligned-center is-layout-flex wp-container-core-columns-is-layout-28f84493 wp-block-columns-is-layout-flex\">\n<div class=\"wp-block-column is-vertically-aligned-center is-layout-flow wp-block-column-is-layout-flow\">\n<p class=\"has-text-align-center\"><strong>17:40 \u2013 18:00<\/strong><br>20 minutos<\/p>\n<\/div>\n\n\n\n<div class=\"wp-block-column is-vertically-aligned-center is-layout-flow wp-block-column-is-layout-flow\">\n<p class=\"has-text-align-center\">CAF\u00c9 Y VISITA A LA MUESTRA COMERCIAL<br><mark style=\"background-color:#81ffff\" class=\"has-inline-color\">   <strong> ESPACIOS DE LA MUESTRA COMERCIAL  <\/strong> <\/mark><br>Patrocinadores<\/p>\n<\/div>\n<\/div>\n\n\n\n<hr class=\"wp-block-separator has-alpha-channel-opacity is-style-wide\"\/>\n\n\n\n<div class=\"wp-block-group is-content-justification-center is-nowrap is-layout-flex wp-container-core-group-is-layout-23441af8 wp-block-group-is-layout-flex\">\n<div class=\"wp-block-columns is-layout-flex wp-container-core-columns-is-layout-28f84493 wp-block-columns-is-layout-flex\">\n<div class=\"wp-block-column is-layout-flow wp-block-column-is-layout-flow\" style=\"flex-basis:100%\">\n<p class=\"has-text-align-center has-text-color has-link-color has-medium-font-size wp-elements-92dbbe6fd11808cd2cbda7c22aaa2010\" style=\"color:#ba3737\"><a href=\"https:\/\/cursoacaai.com\/index.php\/programa-curso-acaai-laureano-serna-2024-jueves-19-09-2024\/\">Programa del Jueves, 19\/09\/2024<\/a><\/p>\n<\/div>\n<\/div>\n\n\n\n<figure class=\"wp-block-image size-full is-resized\"><a href=\"https:\/\/cursoacaai.com\/index.php\/programa-curso-acaai-laureano-serna-2024-jueves-19-09-2024\/\"><img decoding=\"async\" width=\"838\" height=\"569\" src=\"https:\/\/cursoacaai.com\/wp-content\/uploads\/2024\/08\/19-SEPTIEMBRE-2024.png\" alt=\"\" class=\"wp-image-393\" style=\"width:280px\" srcset=\"https:\/\/cursoacaai.com\/wp-content\/uploads\/2024\/08\/19-SEPTIEMBRE-2024.png 838w, https:\/\/cursoacaai.com\/wp-content\/uploads\/2024\/08\/19-SEPTIEMBRE-2024-300x204.png 300w, https:\/\/cursoacaai.com\/wp-content\/uploads\/2024\/08\/19-SEPTIEMBRE-2024-768x521.png 768w\" sizes=\"(max-width: 838px) 100vw, 838px\" \/><\/a><\/figure>\n<\/div>\n\n\n\n<hr class=\"wp-block-separator has-alpha-channel-opacity is-style-wide\"\/>\n\n\n\n<div class=\"wp-block-group is-content-justification-center is-nowrap is-layout-flex wp-container-core-group-is-layout-23441af8 wp-block-group-is-layout-flex\">\n<div class=\"wp-block-columns is-layout-flex wp-container-core-columns-is-layout-28f84493 wp-block-columns-is-layout-flex\">\n<div class=\"wp-block-column is-layout-flow wp-block-column-is-layout-flow\" style=\"flex-basis:100%\">\n<p class=\"has-text-align-center has-text-color has-link-color has-medium-font-size wp-elements-fae56eaf8bde063fd502c0b5163a3f8c\" style=\"color:#ba3737\"><a href=\"https:\/\/cursoacaai.com\/index.php\/programa-del-curso-acaai-laureano-serna-2024-jueves-19-09-2024\/\">Programa del s\u00e1bado, 21\/09\/2024<\/a><\/p>\n<\/div>\n<\/div>\n\n\n\n<figure class=\"wp-block-image size-full is-resized\"><a href=\"https:\/\/cursoacaai.com\/index.php\/programa-del-curso-acaai-laureano-serna-2024-jueves-19-09-2024\/\"><img loading=\"lazy\" decoding=\"async\" width=\"838\" height=\"568\" src=\"https:\/\/cursoacaai.com\/wp-content\/uploads\/2024\/08\/21-SEPTIEMBRE-2024.png\" alt=\"\" class=\"wp-image-395\" style=\"width:280px\" srcset=\"https:\/\/cursoacaai.com\/wp-content\/uploads\/2024\/08\/21-SEPTIEMBRE-2024.png 838w, https:\/\/cursoacaai.com\/wp-content\/uploads\/2024\/08\/21-SEPTIEMBRE-2024-300x203.png 300w, https:\/\/cursoacaai.com\/wp-content\/uploads\/2024\/08\/21-SEPTIEMBRE-2024-768x521.png 768w\" sizes=\"(max-width: 838px) 100vw, 838px\" \/><\/a><\/figure>\n<\/div>\n\n\n\n<hr class=\"wp-block-separator has-alpha-channel-opacity is-style-wide\"\/>\n\n\n\n<p class=\"has-text-align-center has-text-color has-link-color has-large-font-size wp-elements-a3f8f724b490ff259ac1edb02aea1476\" style=\"color:#ba3737\"><em><a href=\"https:\/\/www.cursoacaai.com\/wp-content\/uploads\/2024\/08\/PROGRAMA CURSO LAUREANO SERNA 2024.pdf\">Programa del Curso ACAAI Laureano Serna 2024 (pdf descargable<\/a>)<\/em><\/p>\n\n\n\n<hr class=\"wp-block-separator has-alpha-channel-opacity is-style-wide\"\/>\n","protected":false},"excerpt":{"rendered":"<p>PROGRAMA DEL CURSO ACAAI LAUREANO SERNA 2024Viernes 20\/09\/2024Pr\u00e1ctica adecuada y segura de procedimientos en alergolog\u00eda en la era de la medicina de precisi\u00f3n y la inflamaci\u00f3n T2 08:30 \u2013 09:3060 minutos Simposio a cargo de ASTRAZENECA(incluye desayuno):El eosin\u00f3filo como factor clave en la inflamaci\u00f3npara pacientes conAsma Grave Eosinof\u00edlica con P\u00f3lipos Nasales SAL\u00d3N YUI Dr. Juli\u00e1n [&hellip;]<\/p>\n","protected":false},"author":1,"featured_media":0,"parent":0,"menu_order":0,"comment_status":"closed","ping_status":"closed","template":"","meta":{"footnotes":""},"class_list":["post-323","page","type-page","status-publish","hentry"],"_links":{"self":[{"href":"https:\/\/cursoacaai.com\/index.php\/wp-json\/wp\/v2\/pages\/323","targetHints":{"allow":["GET"]}}],"collection":[{"href":"https:\/\/cursoacaai.com\/index.php\/wp-json\/wp\/v2\/pages"}],"about":[{"href":"https:\/\/cursoacaai.com\/index.php\/wp-json\/wp\/v2\/types\/page"}],"author":[{"embeddable":true,"href":"https:\/\/cursoacaai.com\/index.php\/wp-json\/wp\/v2\/users\/1"}],"replies":[{"embeddable":true,"href":"https:\/\/cursoacaai.com\/index.php\/wp-json\/wp\/v2\/comments?post=323"}],"version-history":[{"count":64,"href":"https:\/\/cursoacaai.com\/index.php\/wp-json\/wp\/v2\/pages\/323\/revisions"}],"predecessor-version":[{"id":659,"href":"https:\/\/cursoacaai.com\/index.php\/wp-json\/wp\/v2\/pages\/323\/revisions\/659"}],"wp:attachment":[{"href":"https:\/\/cursoacaai.com\/index.php\/wp-json\/wp\/v2\/media?parent=323"}],"curies":[{"name":"wp","href":"https:\/\/api.w.org\/{rel}","templated":true}]}}