{"id":118,"date":"2024-03-23T14:40:22","date_gmt":"2024-03-23T14:40:22","guid":{"rendered":"https:\/\/cursoacaai.com\/?page_id=118"},"modified":"2024-08-30T19:37:43","modified_gmt":"2024-08-30T19:37:43","slug":"conoce-mas","status":"publish","type":"page","link":"https:\/\/cursoacaai.com\/index.php\/conoce-mas\/","title":{"rendered":"Conoce m\u00e1s del curso"},"content":{"rendered":"\n<figure class=\"wp-block-image alignfull size-full\"><a href=\"https:\/\/cursoacaai.com\/\"><img fetchpriority=\"high\" decoding=\"async\" width=\"2160\" height=\"1080\" src=\"https:\/\/cursoacaai.com\/wp-content\/uploads\/2024\/08\/IMG_9120.jpeg\" alt=\"\" class=\"wp-image-462\" srcset=\"https:\/\/cursoacaai.com\/wp-content\/uploads\/2024\/08\/IMG_9120.jpeg 2160w, https:\/\/cursoacaai.com\/wp-content\/uploads\/2024\/08\/IMG_9120-300x150.jpeg 300w, https:\/\/cursoacaai.com\/wp-content\/uploads\/2024\/08\/IMG_9120-1024x512.jpeg 1024w, https:\/\/cursoacaai.com\/wp-content\/uploads\/2024\/08\/IMG_9120-768x384.jpeg 768w, https:\/\/cursoacaai.com\/wp-content\/uploads\/2024\/08\/IMG_9120-1536x768.jpeg 1536w, https:\/\/cursoacaai.com\/wp-content\/uploads\/2024\/08\/IMG_9120-2048x1024.jpeg 2048w\" sizes=\"(max-width: 2160px) 100vw, 2160px\" \/><\/a><\/figure>\n\n\n\n<hr class=\"wp-block-separator has-alpha-channel-opacity is-style-dots\"\/>\n\n\n\n<p class=\"has-text-align-center has-large-font-size\"><strong>CONOCE M\u00c1S DEL \u00abCURSO ACAAI LAUREANO SERNA 2024\u00bb<\/strong><\/p>\n\n\n\n<hr class=\"wp-block-separator has-alpha-channel-opacity is-style-dots\"\/>\n\n\n\n<p class=\"has-text-align-center\" style=\"font-size:26px\">El \u201cCurso ACAAI: Laureano Serna\u201d, es una reuni\u00f3n acad\u00e9mica exclusiva para los miembros de la Asociaci\u00f3n Colombiana de Alergia, Asma e Inmunolog\u00eda (ACAAI), que se lleva a cabo cada 2 a\u00f1os, justo en el a\u00f1o en el que no se hace el Congreso Colombiano de Alergia, Asma e Inmunolog\u00eda o congreso de la ACAAI, que tambi\u00e9n se lleva a cabo de forma bianual.<\/p>\n\n\n\n<hr class=\"wp-block-separator has-alpha-channel-opacity is-style-dots\"\/>\n\n\n\n<div class=\"wp-block-media-text is-stacked-on-mobile\" style=\"grid-template-columns:40% auto\"><figure class=\"wp-block-media-text__media\"><a href=\"https:\/\/home.acaai.co\/\"><img decoding=\"async\" width=\"1024\" height=\"284\" src=\"https:\/\/cursoacaai.com\/wp-content\/uploads\/2024\/03\/logo-Acaai-ORIGINAL-1024x284.png\" alt=\"\" class=\"wp-image-44 size-full\" srcset=\"https:\/\/cursoacaai.com\/wp-content\/uploads\/2024\/03\/logo-Acaai-ORIGINAL-1024x284.png 1024w, https:\/\/cursoacaai.com\/wp-content\/uploads\/2024\/03\/logo-Acaai-ORIGINAL-300x83.png 300w, https:\/\/cursoacaai.com\/wp-content\/uploads\/2024\/03\/logo-Acaai-ORIGINAL-768x213.png 768w, https:\/\/cursoacaai.com\/wp-content\/uploads\/2024\/03\/logo-Acaai-ORIGINAL-1536x426.png 1536w, https:\/\/cursoacaai.com\/wp-content\/uploads\/2024\/03\/logo-Acaai-ORIGINAL-2048x567.png 2048w\" sizes=\"(max-width: 1024px) 100vw, 1024px\" \/><\/a><\/figure><div class=\"wp-block-media-text__content\">\n<p class=\"has-text-align-center\" style=\"font-size:26px\"><br>La ACAAI es una Asociaci\u00f3n Cient\u00edfica sin \u00e1nimo de lucro, legalmente creada y debidamente reconocida por las autoridades gubernamentales de Colombia, miembro de importantes agremiaciones m\u00e9dicas nacionales a internacionales, que propende por el progreso de la investigaci\u00f3n y el ejercicio profesional de la Alergolog\u00eda e Inmunolog\u00eda en Colombia.<\/p>\n<\/div><\/div>\n\n\n\n<hr class=\"wp-block-separator has-alpha-channel-opacity is-style-dots\"\/>\n\n\n\n<p class=\"has-text-align-center\" style=\"font-size:26px\">Los miembros de la ACAAI son profesionales en medicina o ciencias afines que voluntariamente se han agremiado en la Asociaci\u00f3n, y que en Colombia dedican sus actividades profesionales o acad\u00e9micas en forma total o parcial a la Alergolog\u00eda e Inmunolog\u00eda.<\/p>\n\n\n\n<hr class=\"wp-block-separator has-alpha-channel-opacity is-style-dots\"\/>\n\n\n\n<div class=\"wp-block-media-text has-media-on-the-right is-stacked-on-mobile\" style=\"grid-template-columns:auto 33%\"><div class=\"wp-block-media-text__content\">\n<p class=\"has-text-align-center\" style=\"font-size:26px\"><br>Para el a\u00f1o 2024 el \u201cCurso ACAAI: Laureano Serna\u201d se realizar\u00e1 de manera presencial en el hotel Sicarare de la bella ciudad de Valledupar, capital del departamento del Cesar, al norte de Colombia, los d\u00edas 19, 20 y 21 de septiembre.<\/p>\n<\/div><figure class=\"wp-block-media-text__media\"><img decoding=\"async\" width=\"1024\" height=\"1024\" src=\"https:\/\/cursoacaai.com\/wp-content\/uploads\/2024\/08\/IMG_9106-1024x1024.jpeg\" alt=\"\" class=\"wp-image-428 size-full\" srcset=\"https:\/\/cursoacaai.com\/wp-content\/uploads\/2024\/08\/IMG_9106-1024x1024.jpeg 1024w, https:\/\/cursoacaai.com\/wp-content\/uploads\/2024\/08\/IMG_9106-300x300.jpeg 300w, https:\/\/cursoacaai.com\/wp-content\/uploads\/2024\/08\/IMG_9106-150x150.jpeg 150w, https:\/\/cursoacaai.com\/wp-content\/uploads\/2024\/08\/IMG_9106-768x768.jpeg 768w, https:\/\/cursoacaai.com\/wp-content\/uploads\/2024\/08\/IMG_9106.jpeg 1080w\" sizes=\"(max-width: 1024px) 100vw, 1024px\" \/><\/figure><\/div>\n\n\n\n<hr class=\"wp-block-separator has-alpha-channel-opacity is-style-dots\"\/>\n\n\n\n<p class=\"has-text-align-center\" style=\"font-size:26px\">El \u00abCurso ACAAI Laureano Serna 2024\u00bb tendr\u00e1 \u00e9nfasis en la revisi\u00f3n y consenso nacional de la pr\u00e1ctica adecuada y segura de los procedimientos diagn\u00f3sticos y terap\u00e9uticos propios de la alergolog\u00eda en la era de la medicina de precisi\u00f3n y la inflamaci\u00f3n T2, teniendo jornadas acad\u00e9micas precurso y poscurso en las que se revisar\u00e1n temas de inter\u00e9s en la actualizaci\u00f3n del conocimiento m\u00e9dico de la Alergolog\u00eda y la Inmunolog\u00eda.<\/p>\n\n\n\n<hr class=\"wp-block-separator has-alpha-channel-opacity is-style-dots\"\/>\n\n\n\n<div class=\"wp-block-columns are-vertically-aligned-center is-layout-flex wp-container-core-columns-is-layout-28f84493 wp-block-columns-is-layout-flex\">\n<div class=\"wp-block-column is-vertically-aligned-center is-layout-flow wp-block-column-is-layout-flow\">\n<p class=\"has-text-align-center has-text-color has-link-color has-large-font-size wp-elements-500ba8a66da5ade8b7942eb0225f89ec\" style=\"color:#ba3737\"><a href=\"https:\/\/cursoacaai.com\/index.php\/programa\/\" data-type=\"page\" data-id=\"337\">Programa del Curso ACAAI Laureano Serna 2024<\/a><\/p>\n<\/div>\n\n\n\n<div class=\"wp-block-column is-vertically-aligned-center is-layout-flow wp-block-column-is-layout-flow\">\n<figure class=\"wp-block-image aligncenter size-full is-resized\"><a href=\"https:\/\/cursoacaai.com\/index.php\/programa\/\"><img loading=\"lazy\" decoding=\"async\" width=\"612\" height=\"612\" src=\"https:\/\/cursoacaai.com\/wp-content\/uploads\/2024\/08\/PROGRAMA.jpg\" alt=\"\" class=\"wp-image-372\" style=\"width:239px;height:auto\" srcset=\"https:\/\/cursoacaai.com\/wp-content\/uploads\/2024\/08\/PROGRAMA.jpg 612w, https:\/\/cursoacaai.com\/wp-content\/uploads\/2024\/08\/PROGRAMA-300x300.jpg 300w, https:\/\/cursoacaai.com\/wp-content\/uploads\/2024\/08\/PROGRAMA-150x150.jpg 150w\" sizes=\"(max-width: 612px) 100vw, 612px\" \/><\/a><\/figure>\n<\/div>\n<\/div>\n\n\n\n<hr class=\"wp-block-separator has-alpha-channel-opacity is-style-dots\"\/>\n","protected":false},"excerpt":{"rendered":"<p>CONOCE M\u00c1S DEL \u00abCURSO ACAAI LAUREANO SERNA 2024\u00bb El \u201cCurso ACAAI: Laureano Serna\u201d, es una reuni\u00f3n acad\u00e9mica exclusiva para los miembros de la Asociaci\u00f3n Colombiana de Alergia, Asma e Inmunolog\u00eda (ACAAI), que se lleva a cabo cada 2 a\u00f1os, justo en el a\u00f1o en el que no se hace el Congreso Colombiano de Alergia, Asma [&hellip;]<\/p>\n","protected":false},"author":1,"featured_media":0,"parent":0,"menu_order":0,"comment_status":"closed","ping_status":"closed","template":"","meta":{"footnotes":""},"class_list":["post-118","page","type-page","status-publish","hentry"],"_links":{"self":[{"href":"https:\/\/cursoacaai.com\/index.php\/wp-json\/wp\/v2\/pages\/118","targetHints":{"allow":["GET"]}}],"collection":[{"href":"https:\/\/cursoacaai.com\/index.php\/wp-json\/wp\/v2\/pages"}],"about":[{"href":"https:\/\/cursoacaai.com\/index.php\/wp-json\/wp\/v2\/types\/page"}],"author":[{"embeddable":true,"href":"https:\/\/cursoacaai.com\/index.php\/wp-json\/wp\/v2\/users\/1"}],"replies":[{"embeddable":true,"href":"https:\/\/cursoacaai.com\/index.php\/wp-json\/wp\/v2\/comments?post=118"}],"version-history":[{"count":16,"href":"https:\/\/cursoacaai.com\/index.php\/wp-json\/wp\/v2\/pages\/118\/revisions"}],"predecessor-version":[{"id":464,"href":"https:\/\/cursoacaai.com\/index.php\/wp-json\/wp\/v2\/pages\/118\/revisions\/464"}],"wp:attachment":[{"href":"https:\/\/cursoacaai.com\/index.php\/wp-json\/wp\/v2\/media?parent=118"}],"curies":[{"name":"wp","href":"https:\/\/api.w.org\/{rel}","templated":true}]}}